{"id":865,"date":"2014-08-06T23:51:43","date_gmt":"2014-08-06T20:51:43","guid":{"rendered":"https:\/\/www.marearca.com\/\/shop\/product\/vaatekaappi-ivar\/"},"modified":"2022-12-31T15:26:45","modified_gmt":"2022-12-31T13:26:45","slug":"vaatekaappi-ivar","status":"publish","type":"product","link":"https:\/\/www.marearca.com\/fi\/toode\/vaatekaappi-ivar\/","title":{"rendered":"Vaatekaappi Ivar"},"content":{"rendered":"<p>Kaapin toimittaja on kuljetusliike, toimitus <span style=\"font-weight: inherit; font-style: inherit;\">asiakkaan<\/span> pihalle asti. Hinta ymp\u00e4ri manner Suomea 120 eur.  <\/p>\n<p>Sis\u00e4llekanto on sovittava erikseen kuljetusliikeen kanssa.<\/p>\n","protected":false},"excerpt":{"rendered":"<p>Perinteinen vaatekaappi tehty mestariteokseksi.<\/p>\n<p>Laadukasta koivu- ja lepp\u00e4puuta ja k\u00e4sink\u00e4sittely.<\/p>\n<p>Laatikot ja kaapin runko on yhdistetty vahvalla lohenpyrst\u00f6liitoksella.<\/p>\n<p>&nbsp;<\/p>\n","protected":false},"featured_media":2004,"template":"","meta":[],"product_brand":[],"product_cat":[171],"product_tag":[],"class_list":{"0":"post-865","1":"product","2":"type-product","3":"status-publish","4":"has-post-thumbnail","6":"product_cat-vaatekaapit","7":"pa_color-kulutetun-valkoinen","8":"pa_color-naturaalne-puit-fi","9":"pa_color-olitatud-fi","10":"pa_color-peitsitud-fi","11":"pa_color-poolmatt-valge-fi","12":"pa_color-vahatatud-fi","13":"pa_woo-korgus-184-cm","14":"pa_woo-laius-118-cm","15":"pa_woo-sygavus-54-cm","17":"first","18":"instock","19":"purchasable","20":"product-type-simple"},"etheme_brands":{"errors":{"invalid_taxonomy":["V\u00e4\u00e4r\u00e4 taksonomia."]},"error_data":[]},"yoast_head":"<!-- This site is optimized with the Yoast SEO plugin v27.5 - https:\/\/yoast.com\/product\/yoast-seo-wordpress\/ -->\n<title>Vaatekaappi Ivar - Marearca<\/title>\n<meta name=\"robots\" content=\"index, follow, max-snippet:-1, max-image-preview:large, max-video-preview:-1\" \/>\n<link rel=\"canonical\" href=\"https:\/\/www.marearca.com\/fi\/toode\/vaatekaappi-ivar\/\" \/>\n<meta property=\"og:locale\" content=\"fi_FI\" \/>\n<meta property=\"og:type\" content=\"article\" \/>\n<meta property=\"og:title\" content=\"Vaatekaappi Ivar - Marearca\" \/>\n<meta property=\"og:description\" content=\"Perinteinen vaatekaappi tehty mestariteokseksi.  Laadukasta koivu- ja lepp\u00e4puuta ja k\u00e4sink\u00e4sittely.  Laatikot ja kaapin runko on yhdistetty vahvalla lohenpyrst\u00f6liitoksella.    &nbsp;\" \/>\n<meta property=\"og:url\" content=\"https:\/\/www.marearca.com\/fi\/toode\/vaatekaappi-ivar\/\" \/>\n<meta property=\"og:site_name\" content=\"Marearca\" \/>\n<meta property=\"article:publisher\" content=\"https:\/\/www.facebook.com\/marearca\/\" \/>\n<meta property=\"article:modified_time\" content=\"2022-12-31T13:26:45+00:00\" \/>\n<meta property=\"og:image\" content=\"https:\/\/www.marearca.com\/wp-content\/uploads\/2014\/08\/riidekapp_ivar.png\" \/>\n\t<meta property=\"og:image:width\" content=\"768\" \/>\n\t<meta property=\"og:image:height\" content=\"1024\" \/>\n\t<meta property=\"og:image:type\" content=\"image\/png\" \/>\n<meta name=\"twitter:card\" content=\"summary_large_image\" \/>\n<script type=\"application\/ld+json\" class=\"yoast-schema-graph\">{\"@context\":\"https:\\\/\\\/schema.org\",\"@graph\":[{\"@type\":\"WebPage\",\"@id\":\"https:\\\/\\\/www.marearca.com\\\/fi\\\/toode\\\/vaatekaappi-ivar\\\/\",\"url\":\"https:\\\/\\\/www.marearca.com\\\/fi\\\/toode\\\/vaatekaappi-ivar\\\/\",\"name\":\"Vaatekaappi Ivar - Marearca\",\"isPartOf\":{\"@id\":\"https:\\\/\\\/www.marearca.com\\\/fi\\\/#website\"},\"primaryImageOfPage\":{\"@id\":\"https:\\\/\\\/www.marearca.com\\\/fi\\\/toode\\\/vaatekaappi-ivar\\\/#primaryimage\"},\"image\":{\"@id\":\"https:\\\/\\\/www.marearca.com\\\/fi\\\/toode\\\/vaatekaappi-ivar\\\/#primaryimage\"},\"thumbnailUrl\":\"https:\\\/\\\/www.marearca.com\\\/wp-content\\\/uploads\\\/2014\\\/08\\\/riidekapp_ivar.png\",\"datePublished\":\"2014-08-06T20:51:43+00:00\",\"dateModified\":\"2022-12-31T13:26:45+00:00\",\"breadcrumb\":{\"@id\":\"https:\\\/\\\/www.marearca.com\\\/fi\\\/toode\\\/vaatekaappi-ivar\\\/#breadcrumb\"},\"inLanguage\":\"fi\",\"potentialAction\":[{\"@type\":\"ReadAction\",\"target\":[\"https:\\\/\\\/www.marearca.com\\\/fi\\\/toode\\\/vaatekaappi-ivar\\\/\"]}]},{\"@type\":\"ImageObject\",\"inLanguage\":\"fi\",\"@id\":\"https:\\\/\\\/www.marearca.com\\\/fi\\\/toode\\\/vaatekaappi-ivar\\\/#primaryimage\",\"url\":\"https:\\\/\\\/www.marearca.com\\\/wp-content\\\/uploads\\\/2014\\\/08\\\/riidekapp_ivar.png\",\"contentUrl\":\"https:\\\/\\\/www.marearca.com\\\/wp-content\\\/uploads\\\/2014\\\/08\\\/riidekapp_ivar.png\",\"width\":768,\"height\":1024},{\"@type\":\"BreadcrumbList\",\"@id\":\"https:\\\/\\\/www.marearca.com\\\/fi\\\/toode\\\/vaatekaappi-ivar\\\/#breadcrumb\",\"itemListElement\":[{\"@type\":\"ListItem\",\"position\":1,\"name\":\"Home\",\"item\":\"https:\\\/\\\/www.marearca.com\\\/fi\\\/\"},{\"@type\":\"ListItem\",\"position\":2,\"name\":\"Tuotteet\",\"item\":\"https:\\\/\\\/www.marearca.com\\\/fi\\\/tuotteet\\\/\"},{\"@type\":\"ListItem\",\"position\":3,\"name\":\"Vaatekaappi Ivar\"}]},{\"@type\":\"WebSite\",\"@id\":\"https:\\\/\\\/www.marearca.com\\\/fi\\\/#website\",\"url\":\"https:\\\/\\\/www.marearca.com\\\/fi\\\/\",\"name\":\"Marearca\",\"description\":\"arendus 2020\",\"publisher\":{\"@id\":\"https:\\\/\\\/www.marearca.com\\\/fi\\\/#organization\"},\"potentialAction\":[{\"@type\":\"SearchAction\",\"target\":{\"@type\":\"EntryPoint\",\"urlTemplate\":\"https:\\\/\\\/www.marearca.com\\\/fi\\\/?s={search_term_string}\"},\"query-input\":{\"@type\":\"PropertyValueSpecification\",\"valueRequired\":true,\"valueName\":\"search_term_string\"}}],\"inLanguage\":\"fi\"},{\"@type\":\"Organization\",\"@id\":\"https:\\\/\\\/www.marearca.com\\\/fi\\\/#organization\",\"name\":\"Marearca\",\"url\":\"https:\\\/\\\/www.marearca.com\\\/fi\\\/\",\"logo\":{\"@type\":\"ImageObject\",\"inLanguage\":\"fi\",\"@id\":\"https:\\\/\\\/www.marearca.com\\\/fi\\\/#\\\/schema\\\/logo\\\/image\\\/\",\"url\":\"https:\\\/\\\/www.marearca.com\\\/wp-content\\\/uploads\\\/2021\\\/09\\\/site-logo.png\",\"contentUrl\":\"https:\\\/\\\/www.marearca.com\\\/wp-content\\\/uploads\\\/2021\\\/09\\\/site-logo.png\",\"width\":380,\"height\":380,\"caption\":\"Marearca\"},\"image\":{\"@id\":\"https:\\\/\\\/www.marearca.com\\\/fi\\\/#\\\/schema\\\/logo\\\/image\\\/\"},\"sameAs\":[\"https:\\\/\\\/www.facebook.com\\\/marearca\\\/\"]}]}<\/script>\n<!-- \/ Yoast SEO plugin. -->","yoast_head_json":{"title":"Vaatekaappi Ivar - Marearca","robots":{"index":"index","follow":"follow","max-snippet":"max-snippet:-1","max-image-preview":"max-image-preview:large","max-video-preview":"max-video-preview:-1"},"canonical":"https:\/\/www.marearca.com\/fi\/toode\/vaatekaappi-ivar\/","og_locale":"fi_FI","og_type":"article","og_title":"Vaatekaappi Ivar - Marearca","og_description":"Perinteinen vaatekaappi tehty mestariteokseksi.  Laadukasta koivu- ja lepp\u00e4puuta ja k\u00e4sink\u00e4sittely.  Laatikot ja kaapin runko on yhdistetty vahvalla lohenpyrst\u00f6liitoksella.    &nbsp;","og_url":"https:\/\/www.marearca.com\/fi\/toode\/vaatekaappi-ivar\/","og_site_name":"Marearca","article_publisher":"https:\/\/www.facebook.com\/marearca\/","article_modified_time":"2022-12-31T13:26:45+00:00","og_image":[{"width":768,"height":1024,"url":"https:\/\/www.marearca.com\/wp-content\/uploads\/2014\/08\/riidekapp_ivar.png","type":"image\/png"}],"twitter_card":"summary_large_image","schema":{"@context":"https:\/\/schema.org","@graph":[{"@type":"WebPage","@id":"https:\/\/www.marearca.com\/fi\/toode\/vaatekaappi-ivar\/","url":"https:\/\/www.marearca.com\/fi\/toode\/vaatekaappi-ivar\/","name":"Vaatekaappi Ivar - Marearca","isPartOf":{"@id":"https:\/\/www.marearca.com\/fi\/#website"},"primaryImageOfPage":{"@id":"https:\/\/www.marearca.com\/fi\/toode\/vaatekaappi-ivar\/#primaryimage"},"image":{"@id":"https:\/\/www.marearca.com\/fi\/toode\/vaatekaappi-ivar\/#primaryimage"},"thumbnailUrl":"https:\/\/www.marearca.com\/wp-content\/uploads\/2014\/08\/riidekapp_ivar.png","datePublished":"2014-08-06T20:51:43+00:00","dateModified":"2022-12-31T13:26:45+00:00","breadcrumb":{"@id":"https:\/\/www.marearca.com\/fi\/toode\/vaatekaappi-ivar\/#breadcrumb"},"inLanguage":"fi","potentialAction":[{"@type":"ReadAction","target":["https:\/\/www.marearca.com\/fi\/toode\/vaatekaappi-ivar\/"]}]},{"@type":"ImageObject","inLanguage":"fi","@id":"https:\/\/www.marearca.com\/fi\/toode\/vaatekaappi-ivar\/#primaryimage","url":"https:\/\/www.marearca.com\/wp-content\/uploads\/2014\/08\/riidekapp_ivar.png","contentUrl":"https:\/\/www.marearca.com\/wp-content\/uploads\/2014\/08\/riidekapp_ivar.png","width":768,"height":1024},{"@type":"BreadcrumbList","@id":"https:\/\/www.marearca.com\/fi\/toode\/vaatekaappi-ivar\/#breadcrumb","itemListElement":[{"@type":"ListItem","position":1,"name":"Home","item":"https:\/\/www.marearca.com\/fi\/"},{"@type":"ListItem","position":2,"name":"Tuotteet","item":"https:\/\/www.marearca.com\/fi\/tuotteet\/"},{"@type":"ListItem","position":3,"name":"Vaatekaappi Ivar"}]},{"@type":"WebSite","@id":"https:\/\/www.marearca.com\/fi\/#website","url":"https:\/\/www.marearca.com\/fi\/","name":"Marearca","description":"arendus 2020","publisher":{"@id":"https:\/\/www.marearca.com\/fi\/#organization"},"potentialAction":[{"@type":"SearchAction","target":{"@type":"EntryPoint","urlTemplate":"https:\/\/www.marearca.com\/fi\/?s={search_term_string}"},"query-input":{"@type":"PropertyValueSpecification","valueRequired":true,"valueName":"search_term_string"}}],"inLanguage":"fi"},{"@type":"Organization","@id":"https:\/\/www.marearca.com\/fi\/#organization","name":"Marearca","url":"https:\/\/www.marearca.com\/fi\/","logo":{"@type":"ImageObject","inLanguage":"fi","@id":"https:\/\/www.marearca.com\/fi\/#\/schema\/logo\/image\/","url":"https:\/\/www.marearca.com\/wp-content\/uploads\/2021\/09\/site-logo.png","contentUrl":"https:\/\/www.marearca.com\/wp-content\/uploads\/2021\/09\/site-logo.png","width":380,"height":380,"caption":"Marearca"},"image":{"@id":"https:\/\/www.marearca.com\/fi\/#\/schema\/logo\/image\/"},"sameAs":["https:\/\/www.facebook.com\/marearca\/"]}]}},"_links":{"self":[{"href":"https:\/\/www.marearca.com\/fi\/wp-json\/wp\/v2\/product\/865","targetHints":{"allow":["GET"]}}],"collection":[{"href":"https:\/\/www.marearca.com\/fi\/wp-json\/wp\/v2\/product"}],"about":[{"href":"https:\/\/www.marearca.com\/fi\/wp-json\/wp\/v2\/types\/product"}],"wp:featuredmedia":[{"embeddable":true,"href":"https:\/\/www.marearca.com\/fi\/wp-json\/wp\/v2\/media\/2004"}],"wp:attachment":[{"href":"https:\/\/www.marearca.com\/fi\/wp-json\/wp\/v2\/media?parent=865"}],"wp:term":[{"taxonomy":"product_brand","embeddable":true,"href":"https:\/\/www.marearca.com\/fi\/wp-json\/wp\/v2\/product_brand?post=865"},{"taxonomy":"product_cat","embeddable":true,"href":"https:\/\/www.marearca.com\/fi\/wp-json\/wp\/v2\/product_cat?post=865"},{"taxonomy":"product_tag","embeddable":true,"href":"https:\/\/www.marearca.com\/fi\/wp-json\/wp\/v2\/product_tag?post=865"}],"curies":[{"name":"wp","href":"https:\/\/api.w.org\/{rel}","templated":true}]}}