{"id":848,"date":"2014-08-06T23:15:25","date_gmt":"2014-08-06T20:15:25","guid":{"rendered":"https:\/\/www.marearca.com\/\/shop\/product\/astiakaappi-miia\/"},"modified":"2018-04-11T12:14:54","modified_gmt":"2018-04-11T09:14:54","slug":"astiakaappi-miia","status":"publish","type":"product","link":"https:\/\/www.marearca.com\/fi\/toode\/astiakaappi-miia\/","title":{"rendered":"Astiakaappi \u201cMiia\u201d"},"content":{"rendered":"<p style=\"color: #333333;\"><span style=\"color: #141412;\"> Maalaisromanttinen astiakaappi on t\u00e4ytt\u00e4 puuta. Valmistettu koivusta ja terv\u00e4lep\u00e4st\u00e4.<\/span><\/p>\n<p style=\"color: #333333;\"><span style=\"color: #141412;\">Maalattu k\u00e4sin, Akzo Nobel konsernin vesiohenteisella maalilla. Maalin s\u00e4vy puhdas valkoinen.<\/span><\/p>\n<p style=\"color: #333333;\"><span style=\"color: #141412;\">Tilauksesta maalaamme my\u00f6s asiakkaan toiveiden mukaan, kuluneen valkoista, eris\u00e4vyill\u00e4, vahalla, \u00f6ljyll\u00e4.<\/span><\/p>\n<p style=\"color: #333333;\">\n<p style=\"color: #141412;\">Standardikaapin alakaapin sis\u00e4ll\u00e4 on 2 puista hyllytasoa, yl\u00e4kaapin sis\u00e4ll\u00e4 2 puista hyllytasoa.<\/p>\n<p style=\"color: #141412;\">Lis\u00e4hyllyt ovat tilattavissa lis\u00e4masua vastaan. Asiakas voi itse p\u00e4\u00e4tt\u00e4\u00e4 mink\u00e4laiset hyllyt kaapin sis\u00e4lle haluaa.<\/p>\n<p style=\"color: #141412;\">Maalaisromanttinen kaapin yl\u00e4kruunun ja sorvatut nupit ovat my\u00f6s tilattavissa maksua vastaan hinta 130 eur.<\/p>\n<p style=\"color: #141412;\">\n<p style=\"color: #141412;\"><strong>Tuoteen tilaaminen ja tilauksen maksaminen:<\/strong><\/p>\n<p style=\"color: #141412;\"><strong>Voit tehd\u00e4 tilauksesi s\u00e4hk\u00f6postitse,puhelimetse tai k\u00e4ytt\u00e4m\u00e4ll\u00e4 tilauslomaketta.<\/strong><\/p>\n<p style=\"color: #141412;\"><strong>Voit maksaa tilauksesi joko verkkopankin kautta tai k\u00e4teisell\u00e4 toimituksen yhteydess\u00e4 kotiovella. <\/strong><\/p>\n<p style=\"color: #141412;\">info(at)marearca.com<\/p>\n","protected":false},"excerpt":{"rendered":"<p>Korkealaatuinen k\u00e4sity\u00f6n\u00e4 valmistettu puinen astiavitriini.<\/p>\n<p><span style=\"color: #141412;\">Yl\u00e4kaapin ovet saatavilla lasiovilla sek\u00e4 puu peiliovilla.<\/span><\/p>\n<p><span style=\"color: #141412;\">Kaapin runko ja laatikot liitetty yhteen lohenpyrst\u00f6 tapeilla. Liitoksille annamme ikuisen takuun.<\/span><\/p>\n<p>&nbsp;<\/p>\n","protected":false},"featured_media":1894,"template":"","meta":[],"product_brand":[],"product_cat":[363],"product_tag":[],"class_list":{"0":"post-848","1":"product","2":"type-product","3":"status-publish","4":"has-post-thumbnail","6":"product_cat-astiakaapit","7":"pa_color-kulutetun-valkoinen","8":"pa_color-naturaalne-puit-fi","9":"pa_color-olitatud-fi","10":"pa_color-peitsitud-fi","11":"pa_color-poolmatt-valge-fi","12":"pa_color-vahatatud-fi","13":"pa_doors-lasi","14":"pa_doors-puu","15":"pa_woo-korgus-197-cm","16":"pa_woo-laius-134-cm","17":"pa_woo-sygavus-57-cm","19":"first","20":"instock","21":"purchasable","22":"product-type-simple"},"etheme_brands":{"errors":{"invalid_taxonomy":["V\u00e4\u00e4r\u00e4 taksonomia."]},"error_data":[]},"yoast_head":"<!-- This site is optimized with the Yoast SEO plugin v27.5 - https:\/\/yoast.com\/product\/yoast-seo-wordpress\/ -->\n<title>Astiakaappi \u201cMiia\u201d - Marearca<\/title>\n<meta name=\"robots\" content=\"index, follow, max-snippet:-1, max-image-preview:large, max-video-preview:-1\" \/>\n<link rel=\"canonical\" href=\"https:\/\/www.marearca.com\/fi\/toode\/astiakaappi-miia\/\" \/>\n<meta property=\"og:locale\" content=\"fi_FI\" \/>\n<meta property=\"og:type\" content=\"article\" \/>\n<meta property=\"og:title\" content=\"Astiakaappi \u201cMiia\u201d - Marearca\" \/>\n<meta property=\"og:description\" content=\"Korkealaatuinen k\u00e4sity\u00f6n\u00e4 valmistettu puinen astiavitriini.  Yl\u00e4kaapin ovet saatavilla lasiovilla sek\u00e4 puu peiliovilla.  Kaapin runko ja laatikot liitetty yhteen lohenpyrst\u00f6 tapeilla. Liitoksille annamme ikuisen takuun.  &nbsp;\" \/>\n<meta property=\"og:url\" content=\"https:\/\/www.marearca.com\/fi\/toode\/astiakaappi-miia\/\" \/>\n<meta property=\"og:site_name\" content=\"Marearca\" \/>\n<meta property=\"article:publisher\" content=\"https:\/\/www.facebook.com\/marearca\/\" \/>\n<meta property=\"article:modified_time\" content=\"2018-04-11T09:14:54+00:00\" \/>\n<meta property=\"og:image\" content=\"https:\/\/www.marearca.com\/wp-content\/uploads\/2014\/08\/miia1.gif\" \/>\n\t<meta property=\"og:image:width\" content=\"550\" \/>\n\t<meta property=\"og:image:height\" content=\"800\" \/>\n\t<meta property=\"og:image:type\" content=\"image\/gif\" \/>\n<meta name=\"twitter:card\" content=\"summary_large_image\" \/>\n<meta name=\"twitter:label1\" content=\"Arvioitu lukuaika\" \/>\n\t<meta name=\"twitter:data1\" content=\"1 minuutti\" \/>\n<script type=\"application\/ld+json\" class=\"yoast-schema-graph\">{\"@context\":\"https:\\\/\\\/schema.org\",\"@graph\":[{\"@type\":\"WebPage\",\"@id\":\"https:\\\/\\\/www.marearca.com\\\/fi\\\/toode\\\/astiakaappi-miia\\\/\",\"url\":\"https:\\\/\\\/www.marearca.com\\\/fi\\\/toode\\\/astiakaappi-miia\\\/\",\"name\":\"Astiakaappi \u201cMiia\u201d - Marearca\",\"isPartOf\":{\"@id\":\"https:\\\/\\\/www.marearca.com\\\/fi\\\/#website\"},\"primaryImageOfPage\":{\"@id\":\"https:\\\/\\\/www.marearca.com\\\/fi\\\/toode\\\/astiakaappi-miia\\\/#primaryimage\"},\"image\":{\"@id\":\"https:\\\/\\\/www.marearca.com\\\/fi\\\/toode\\\/astiakaappi-miia\\\/#primaryimage\"},\"thumbnailUrl\":\"https:\\\/\\\/www.marearca.com\\\/wp-content\\\/uploads\\\/2014\\\/08\\\/miia1.gif\",\"datePublished\":\"2014-08-06T20:15:25+00:00\",\"dateModified\":\"2018-04-11T09:14:54+00:00\",\"breadcrumb\":{\"@id\":\"https:\\\/\\\/www.marearca.com\\\/fi\\\/toode\\\/astiakaappi-miia\\\/#breadcrumb\"},\"inLanguage\":\"fi\",\"potentialAction\":[{\"@type\":\"ReadAction\",\"target\":[\"https:\\\/\\\/www.marearca.com\\\/fi\\\/toode\\\/astiakaappi-miia\\\/\"]}]},{\"@type\":\"ImageObject\",\"inLanguage\":\"fi\",\"@id\":\"https:\\\/\\\/www.marearca.com\\\/fi\\\/toode\\\/astiakaappi-miia\\\/#primaryimage\",\"url\":\"https:\\\/\\\/www.marearca.com\\\/wp-content\\\/uploads\\\/2014\\\/08\\\/miia1.gif\",\"contentUrl\":\"https:\\\/\\\/www.marearca.com\\\/wp-content\\\/uploads\\\/2014\\\/08\\\/miia1.gif\",\"width\":550,\"height\":800,\"caption\":\"kiinte\u00e4 puinen astiakaappi\"},{\"@type\":\"BreadcrumbList\",\"@id\":\"https:\\\/\\\/www.marearca.com\\\/fi\\\/toode\\\/astiakaappi-miia\\\/#breadcrumb\",\"itemListElement\":[{\"@type\":\"ListItem\",\"position\":1,\"name\":\"Home\",\"item\":\"https:\\\/\\\/www.marearca.com\\\/fi\\\/\"},{\"@type\":\"ListItem\",\"position\":2,\"name\":\"Tuotteet\",\"item\":\"https:\\\/\\\/www.marearca.com\\\/fi\\\/tuotteet\\\/\"},{\"@type\":\"ListItem\",\"position\":3,\"name\":\"Astiakaappi \u201cMiia\u201d\"}]},{\"@type\":\"WebSite\",\"@id\":\"https:\\\/\\\/www.marearca.com\\\/fi\\\/#website\",\"url\":\"https:\\\/\\\/www.marearca.com\\\/fi\\\/\",\"name\":\"Marearca\",\"description\":\"arendus 2020\",\"publisher\":{\"@id\":\"https:\\\/\\\/www.marearca.com\\\/fi\\\/#organization\"},\"potentialAction\":[{\"@type\":\"SearchAction\",\"target\":{\"@type\":\"EntryPoint\",\"urlTemplate\":\"https:\\\/\\\/www.marearca.com\\\/fi\\\/?s={search_term_string}\"},\"query-input\":{\"@type\":\"PropertyValueSpecification\",\"valueRequired\":true,\"valueName\":\"search_term_string\"}}],\"inLanguage\":\"fi\"},{\"@type\":\"Organization\",\"@id\":\"https:\\\/\\\/www.marearca.com\\\/fi\\\/#organization\",\"name\":\"Marearca\",\"url\":\"https:\\\/\\\/www.marearca.com\\\/fi\\\/\",\"logo\":{\"@type\":\"ImageObject\",\"inLanguage\":\"fi\",\"@id\":\"https:\\\/\\\/www.marearca.com\\\/fi\\\/#\\\/schema\\\/logo\\\/image\\\/\",\"url\":\"https:\\\/\\\/www.marearca.com\\\/wp-content\\\/uploads\\\/2021\\\/09\\\/site-logo.png\",\"contentUrl\":\"https:\\\/\\\/www.marearca.com\\\/wp-content\\\/uploads\\\/2021\\\/09\\\/site-logo.png\",\"width\":380,\"height\":380,\"caption\":\"Marearca\"},\"image\":{\"@id\":\"https:\\\/\\\/www.marearca.com\\\/fi\\\/#\\\/schema\\\/logo\\\/image\\\/\"},\"sameAs\":[\"https:\\\/\\\/www.facebook.com\\\/marearca\\\/\"]}]}<\/script>\n<!-- \/ Yoast SEO plugin. -->","yoast_head_json":{"title":"Astiakaappi \u201cMiia\u201d - Marearca","robots":{"index":"index","follow":"follow","max-snippet":"max-snippet:-1","max-image-preview":"max-image-preview:large","max-video-preview":"max-video-preview:-1"},"canonical":"https:\/\/www.marearca.com\/fi\/toode\/astiakaappi-miia\/","og_locale":"fi_FI","og_type":"article","og_title":"Astiakaappi \u201cMiia\u201d - Marearca","og_description":"Korkealaatuinen k\u00e4sity\u00f6n\u00e4 valmistettu puinen astiavitriini.  Yl\u00e4kaapin ovet saatavilla lasiovilla sek\u00e4 puu peiliovilla.  Kaapin runko ja laatikot liitetty yhteen lohenpyrst\u00f6 tapeilla. Liitoksille annamme ikuisen takuun.  &nbsp;","og_url":"https:\/\/www.marearca.com\/fi\/toode\/astiakaappi-miia\/","og_site_name":"Marearca","article_publisher":"https:\/\/www.facebook.com\/marearca\/","article_modified_time":"2018-04-11T09:14:54+00:00","og_image":[{"width":550,"height":800,"url":"https:\/\/www.marearca.com\/wp-content\/uploads\/2014\/08\/miia1.gif","type":"image\/gif"}],"twitter_card":"summary_large_image","twitter_misc":{"Arvioitu lukuaika":"1 minuutti"},"schema":{"@context":"https:\/\/schema.org","@graph":[{"@type":"WebPage","@id":"https:\/\/www.marearca.com\/fi\/toode\/astiakaappi-miia\/","url":"https:\/\/www.marearca.com\/fi\/toode\/astiakaappi-miia\/","name":"Astiakaappi \u201cMiia\u201d - Marearca","isPartOf":{"@id":"https:\/\/www.marearca.com\/fi\/#website"},"primaryImageOfPage":{"@id":"https:\/\/www.marearca.com\/fi\/toode\/astiakaappi-miia\/#primaryimage"},"image":{"@id":"https:\/\/www.marearca.com\/fi\/toode\/astiakaappi-miia\/#primaryimage"},"thumbnailUrl":"https:\/\/www.marearca.com\/wp-content\/uploads\/2014\/08\/miia1.gif","datePublished":"2014-08-06T20:15:25+00:00","dateModified":"2018-04-11T09:14:54+00:00","breadcrumb":{"@id":"https:\/\/www.marearca.com\/fi\/toode\/astiakaappi-miia\/#breadcrumb"},"inLanguage":"fi","potentialAction":[{"@type":"ReadAction","target":["https:\/\/www.marearca.com\/fi\/toode\/astiakaappi-miia\/"]}]},{"@type":"ImageObject","inLanguage":"fi","@id":"https:\/\/www.marearca.com\/fi\/toode\/astiakaappi-miia\/#primaryimage","url":"https:\/\/www.marearca.com\/wp-content\/uploads\/2014\/08\/miia1.gif","contentUrl":"https:\/\/www.marearca.com\/wp-content\/uploads\/2014\/08\/miia1.gif","width":550,"height":800,"caption":"kiinte\u00e4 puinen astiakaappi"},{"@type":"BreadcrumbList","@id":"https:\/\/www.marearca.com\/fi\/toode\/astiakaappi-miia\/#breadcrumb","itemListElement":[{"@type":"ListItem","position":1,"name":"Home","item":"https:\/\/www.marearca.com\/fi\/"},{"@type":"ListItem","position":2,"name":"Tuotteet","item":"https:\/\/www.marearca.com\/fi\/tuotteet\/"},{"@type":"ListItem","position":3,"name":"Astiakaappi \u201cMiia\u201d"}]},{"@type":"WebSite","@id":"https:\/\/www.marearca.com\/fi\/#website","url":"https:\/\/www.marearca.com\/fi\/","name":"Marearca","description":"arendus 2020","publisher":{"@id":"https:\/\/www.marearca.com\/fi\/#organization"},"potentialAction":[{"@type":"SearchAction","target":{"@type":"EntryPoint","urlTemplate":"https:\/\/www.marearca.com\/fi\/?s={search_term_string}"},"query-input":{"@type":"PropertyValueSpecification","valueRequired":true,"valueName":"search_term_string"}}],"inLanguage":"fi"},{"@type":"Organization","@id":"https:\/\/www.marearca.com\/fi\/#organization","name":"Marearca","url":"https:\/\/www.marearca.com\/fi\/","logo":{"@type":"ImageObject","inLanguage":"fi","@id":"https:\/\/www.marearca.com\/fi\/#\/schema\/logo\/image\/","url":"https:\/\/www.marearca.com\/wp-content\/uploads\/2021\/09\/site-logo.png","contentUrl":"https:\/\/www.marearca.com\/wp-content\/uploads\/2021\/09\/site-logo.png","width":380,"height":380,"caption":"Marearca"},"image":{"@id":"https:\/\/www.marearca.com\/fi\/#\/schema\/logo\/image\/"},"sameAs":["https:\/\/www.facebook.com\/marearca\/"]}]}},"_links":{"self":[{"href":"https:\/\/www.marearca.com\/fi\/wp-json\/wp\/v2\/product\/848","targetHints":{"allow":["GET"]}}],"collection":[{"href":"https:\/\/www.marearca.com\/fi\/wp-json\/wp\/v2\/product"}],"about":[{"href":"https:\/\/www.marearca.com\/fi\/wp-json\/wp\/v2\/types\/product"}],"wp:featuredmedia":[{"embeddable":true,"href":"https:\/\/www.marearca.com\/fi\/wp-json\/wp\/v2\/media\/1894"}],"wp:attachment":[{"href":"https:\/\/www.marearca.com\/fi\/wp-json\/wp\/v2\/media?parent=848"}],"wp:term":[{"taxonomy":"product_brand","embeddable":true,"href":"https:\/\/www.marearca.com\/fi\/wp-json\/wp\/v2\/product_brand?post=848"},{"taxonomy":"product_cat","embeddable":true,"href":"https:\/\/www.marearca.com\/fi\/wp-json\/wp\/v2\/product_cat?post=848"},{"taxonomy":"product_tag","embeddable":true,"href":"https:\/\/www.marearca.com\/fi\/wp-json\/wp\/v2\/product_tag?post=848"}],"curies":[{"name":"wp","href":"https:\/\/api.w.org\/{rel}","templated":true}]}}