{"id":846,"date":"2014-08-06T21:04:20","date_gmt":"2014-08-06T18:04:20","guid":{"rendered":"https:\/\/www.marearca.com\/\/shop\/product\/astiakaappi-ann\/"},"modified":"2018-04-11T12:14:54","modified_gmt":"2018-04-11T09:14:54","slug":"astiakaappi-ann","status":"publish","type":"product","link":"https:\/\/www.marearca.com\/fi\/toode\/astiakaappi-ann\/","title":{"rendered":"Astiakaappi \u201cAnn\u201d"},"content":{"rendered":"<p>&#8221;color: #141412;&#8221;>Astiavitriini on t\u00e4ytt\u00e4 puuta, valmistettu koivusta ja terv\u00e4lep\u00e4st\u00e4. Maalattu k\u00e4sin, Akzo Nobel konsernin vesiohenteisella maalilla. Maalin s\u00e4vy puhdas valkoinen.<\/span><\/p>\n<p>&#8221;color: #141412;&#8221;>Tilauksesta maalaamme my\u00f6s asiakkaan toiveiden mukaan, kuluneen valkoista, eris\u00e4vyill\u00e4, vahalla, \u00f6ljyll\u00e4.<\/span><\/p>\n<p style=\"color: #141412;\">Kaapin alaosan sis\u00e4ll\u00e4 on yksi hylly, yl\u00e4osan sis\u00e4ll\u00e4 kolme hylly\u00e4.<br \/>Lis\u00e4hyllyj\u00e4 laitamme maksua vastaan.<\/p>\n<p style=\"color: #141412;\">Maksutapa tilisiirto tai k\u00e4teinen, maksat vasta sitten kun kaappi on toimitettu kotiisi!<\/p>\n<p style=\"color: #141412;\">Jos et l\u00f6yt\u00e4nyt haluamaasi tuotetta valikoimastamme,<br \/>ota meihin yhteytt\u00e4 ja kerro mink\u00e4laista huonekalua tarvitset.<br \/>Ja me valmistamme juuri sinulle sopiivan tuoteen.<\/p>\n<p>Kaapin toimittaja on kuljetusliike, toimitus <span style=\"font-weight: inherit; font-style: inherit;\">asiakkaan<\/span> pihalle asti. Hinta ymp\u00e4ri manner Suomea 120 eur.  <\/p>\n<p>Sis\u00e4llekanto on sovittava erikseen kuljetusliikeen kanssa.<\/p>\n<p style=\"color: #141412;\">\n","protected":false},"excerpt":{"rendered":"<p>Korkealaatuinen k\u00e4sity\u00f6n\u00e4 valmistettu puinen astiavitriini.<\/p>\n<p>Kaappi sopii astia tai kirjakaapiksi.<\/p>\n<p>&#8221;color: #141412;&#8221;>Yl\u00e4kaapin ovet saatavilla lasiovilla sek\u00e4 puu peiliovilla.<\/span><\/p>\n<p>&#8221;color: #141412;&#8221;>Kaapin runko ja laatikot liitetty yhteen lohenpyrst\u00f6 tapeilla. Liitoksille annamme ikuisen takuun.<\/span><\/p>\n","protected":false},"featured_media":1972,"template":"","meta":[],"product_brand":[],"product_cat":[363],"product_tag":[],"class_list":{"0":"post-846","1":"product","2":"type-product","3":"status-publish","4":"has-post-thumbnail","6":"product_cat-astiakaapit","7":"pa_color-kulutetun-valkoinen","8":"pa_color-naturaalne-puit-fi","9":"pa_color-olitatud-fi","10":"pa_color-peitsitud-fi","11":"pa_color-poolmatt-valge-fi","12":"pa_color-vahatatud-fi","13":"pa_doors-lasi","14":"pa_doors-puu","15":"pa_woo-korgus-215-cm","16":"pa_woo-laius-128-cm","17":"pa_woo-sygavus-42-cm","19":"first","20":"instock","21":"purchasable","22":"product-type-simple"},"etheme_brands":{"errors":{"invalid_taxonomy":["V\u00e4\u00e4r\u00e4 taksonomia."]},"error_data":[]},"yoast_head":"<!-- This site is optimized with the Yoast SEO plugin v27.5 - https:\/\/yoast.com\/product\/yoast-seo-wordpress\/ -->\n<title>Astiakaappi \u201cAnn\u201d - Marearca<\/title>\n<meta name=\"robots\" content=\"index, follow, max-snippet:-1, max-image-preview:large, max-video-preview:-1\" \/>\n<link rel=\"canonical\" href=\"https:\/\/www.marearca.com\/fi\/toode\/astiakaappi-ann\/\" \/>\n<meta property=\"og:locale\" content=\"fi_FI\" \/>\n<meta property=\"og:type\" content=\"article\" \/>\n<meta property=\"og:title\" content=\"Astiakaappi \u201cAnn\u201d - Marearca\" \/>\n<meta property=\"og:description\" content=\"Korkealaatuinen k\u00e4sity\u00f6n\u00e4 valmistettu puinen astiavitriini.Kaappi sopii astia tai kirjakaapiksi.&quot;color: #141412;&quot;&gt;Yl\u00e4kaapin ovet saatavilla lasiovilla sek\u00e4 puu peiliovilla.&quot;color: #141412;&quot;&gt;Kaapin runko ja laatikot liitetty yhteen lohenpyrst\u00f6 tapeilla. Liitoksille annamme ikuisen takuun.\" \/>\n<meta property=\"og:url\" content=\"https:\/\/www.marearca.com\/fi\/toode\/astiakaappi-ann\/\" \/>\n<meta property=\"og:site_name\" content=\"Marearca\" \/>\n<meta property=\"article:publisher\" content=\"https:\/\/www.facebook.com\/marearca\/\" \/>\n<meta property=\"article:modified_time\" content=\"2018-04-11T09:14:54+00:00\" \/>\n<meta property=\"og:image\" content=\"https:\/\/www.marearca.com\/wp-content\/uploads\/2014\/08\/vitriinkapp_ann1.png\" \/>\n\t<meta property=\"og:image:width\" content=\"500\" \/>\n\t<meta property=\"og:image:height\" content=\"750\" \/>\n\t<meta property=\"og:image:type\" content=\"image\/png\" \/>\n<meta name=\"twitter:card\" content=\"summary_large_image\" \/>\n<meta name=\"twitter:label1\" content=\"Arvioitu lukuaika\" \/>\n\t<meta name=\"twitter:data1\" content=\"1 minuutti\" \/>\n<script type=\"application\/ld+json\" class=\"yoast-schema-graph\">{\"@context\":\"https:\\\/\\\/schema.org\",\"@graph\":[{\"@type\":\"WebPage\",\"@id\":\"https:\\\/\\\/www.marearca.com\\\/fi\\\/toode\\\/astiakaappi-ann\\\/\",\"url\":\"https:\\\/\\\/www.marearca.com\\\/fi\\\/toode\\\/astiakaappi-ann\\\/\",\"name\":\"Astiakaappi \u201cAnn\u201d - Marearca\",\"isPartOf\":{\"@id\":\"https:\\\/\\\/www.marearca.com\\\/fi\\\/#website\"},\"primaryImageOfPage\":{\"@id\":\"https:\\\/\\\/www.marearca.com\\\/fi\\\/toode\\\/astiakaappi-ann\\\/#primaryimage\"},\"image\":{\"@id\":\"https:\\\/\\\/www.marearca.com\\\/fi\\\/toode\\\/astiakaappi-ann\\\/#primaryimage\"},\"thumbnailUrl\":\"https:\\\/\\\/www.marearca.com\\\/wp-content\\\/uploads\\\/2014\\\/08\\\/vitriinkapp_ann1.png\",\"datePublished\":\"2014-08-06T18:04:20+00:00\",\"dateModified\":\"2018-04-11T09:14:54+00:00\",\"breadcrumb\":{\"@id\":\"https:\\\/\\\/www.marearca.com\\\/fi\\\/toode\\\/astiakaappi-ann\\\/#breadcrumb\"},\"inLanguage\":\"fi\",\"potentialAction\":[{\"@type\":\"ReadAction\",\"target\":[\"https:\\\/\\\/www.marearca.com\\\/fi\\\/toode\\\/astiakaappi-ann\\\/\"]}]},{\"@type\":\"ImageObject\",\"inLanguage\":\"fi\",\"@id\":\"https:\\\/\\\/www.marearca.com\\\/fi\\\/toode\\\/astiakaappi-ann\\\/#primaryimage\",\"url\":\"https:\\\/\\\/www.marearca.com\\\/wp-content\\\/uploads\\\/2014\\\/08\\\/vitriinkapp_ann1.png\",\"contentUrl\":\"https:\\\/\\\/www.marearca.com\\\/wp-content\\\/uploads\\\/2014\\\/08\\\/vitriinkapp_ann1.png\",\"width\":500,\"height\":750,\"caption\":\"Astiakaappi Ann\"},{\"@type\":\"BreadcrumbList\",\"@id\":\"https:\\\/\\\/www.marearca.com\\\/fi\\\/toode\\\/astiakaappi-ann\\\/#breadcrumb\",\"itemListElement\":[{\"@type\":\"ListItem\",\"position\":1,\"name\":\"Home\",\"item\":\"https:\\\/\\\/www.marearca.com\\\/fi\\\/\"},{\"@type\":\"ListItem\",\"position\":2,\"name\":\"Tuotteet\",\"item\":\"https:\\\/\\\/www.marearca.com\\\/fi\\\/tuotteet\\\/\"},{\"@type\":\"ListItem\",\"position\":3,\"name\":\"Astiakaappi \u201cAnn\u201d\"}]},{\"@type\":\"WebSite\",\"@id\":\"https:\\\/\\\/www.marearca.com\\\/fi\\\/#website\",\"url\":\"https:\\\/\\\/www.marearca.com\\\/fi\\\/\",\"name\":\"Marearca\",\"description\":\"arendus 2020\",\"publisher\":{\"@id\":\"https:\\\/\\\/www.marearca.com\\\/fi\\\/#organization\"},\"potentialAction\":[{\"@type\":\"SearchAction\",\"target\":{\"@type\":\"EntryPoint\",\"urlTemplate\":\"https:\\\/\\\/www.marearca.com\\\/fi\\\/?s={search_term_string}\"},\"query-input\":{\"@type\":\"PropertyValueSpecification\",\"valueRequired\":true,\"valueName\":\"search_term_string\"}}],\"inLanguage\":\"fi\"},{\"@type\":\"Organization\",\"@id\":\"https:\\\/\\\/www.marearca.com\\\/fi\\\/#organization\",\"name\":\"Marearca\",\"url\":\"https:\\\/\\\/www.marearca.com\\\/fi\\\/\",\"logo\":{\"@type\":\"ImageObject\",\"inLanguage\":\"fi\",\"@id\":\"https:\\\/\\\/www.marearca.com\\\/fi\\\/#\\\/schema\\\/logo\\\/image\\\/\",\"url\":\"https:\\\/\\\/www.marearca.com\\\/wp-content\\\/uploads\\\/2021\\\/09\\\/site-logo.png\",\"contentUrl\":\"https:\\\/\\\/www.marearca.com\\\/wp-content\\\/uploads\\\/2021\\\/09\\\/site-logo.png\",\"width\":380,\"height\":380,\"caption\":\"Marearca\"},\"image\":{\"@id\":\"https:\\\/\\\/www.marearca.com\\\/fi\\\/#\\\/schema\\\/logo\\\/image\\\/\"},\"sameAs\":[\"https:\\\/\\\/www.facebook.com\\\/marearca\\\/\"]}]}<\/script>\n<!-- \/ Yoast SEO plugin. -->","yoast_head_json":{"title":"Astiakaappi \u201cAnn\u201d - Marearca","robots":{"index":"index","follow":"follow","max-snippet":"max-snippet:-1","max-image-preview":"max-image-preview:large","max-video-preview":"max-video-preview:-1"},"canonical":"https:\/\/www.marearca.com\/fi\/toode\/astiakaappi-ann\/","og_locale":"fi_FI","og_type":"article","og_title":"Astiakaappi \u201cAnn\u201d - Marearca","og_description":"Korkealaatuinen k\u00e4sity\u00f6n\u00e4 valmistettu puinen astiavitriini.Kaappi sopii astia tai kirjakaapiksi.\"color: #141412;\">Yl\u00e4kaapin ovet saatavilla lasiovilla sek\u00e4 puu peiliovilla.\"color: #141412;\">Kaapin runko ja laatikot liitetty yhteen lohenpyrst\u00f6 tapeilla. Liitoksille annamme ikuisen takuun.","og_url":"https:\/\/www.marearca.com\/fi\/toode\/astiakaappi-ann\/","og_site_name":"Marearca","article_publisher":"https:\/\/www.facebook.com\/marearca\/","article_modified_time":"2018-04-11T09:14:54+00:00","og_image":[{"width":500,"height":750,"url":"https:\/\/www.marearca.com\/wp-content\/uploads\/2014\/08\/vitriinkapp_ann1.png","type":"image\/png"}],"twitter_card":"summary_large_image","twitter_misc":{"Arvioitu lukuaika":"1 minuutti"},"schema":{"@context":"https:\/\/schema.org","@graph":[{"@type":"WebPage","@id":"https:\/\/www.marearca.com\/fi\/toode\/astiakaappi-ann\/","url":"https:\/\/www.marearca.com\/fi\/toode\/astiakaappi-ann\/","name":"Astiakaappi \u201cAnn\u201d - Marearca","isPartOf":{"@id":"https:\/\/www.marearca.com\/fi\/#website"},"primaryImageOfPage":{"@id":"https:\/\/www.marearca.com\/fi\/toode\/astiakaappi-ann\/#primaryimage"},"image":{"@id":"https:\/\/www.marearca.com\/fi\/toode\/astiakaappi-ann\/#primaryimage"},"thumbnailUrl":"https:\/\/www.marearca.com\/wp-content\/uploads\/2014\/08\/vitriinkapp_ann1.png","datePublished":"2014-08-06T18:04:20+00:00","dateModified":"2018-04-11T09:14:54+00:00","breadcrumb":{"@id":"https:\/\/www.marearca.com\/fi\/toode\/astiakaappi-ann\/#breadcrumb"},"inLanguage":"fi","potentialAction":[{"@type":"ReadAction","target":["https:\/\/www.marearca.com\/fi\/toode\/astiakaappi-ann\/"]}]},{"@type":"ImageObject","inLanguage":"fi","@id":"https:\/\/www.marearca.com\/fi\/toode\/astiakaappi-ann\/#primaryimage","url":"https:\/\/www.marearca.com\/wp-content\/uploads\/2014\/08\/vitriinkapp_ann1.png","contentUrl":"https:\/\/www.marearca.com\/wp-content\/uploads\/2014\/08\/vitriinkapp_ann1.png","width":500,"height":750,"caption":"Astiakaappi Ann"},{"@type":"BreadcrumbList","@id":"https:\/\/www.marearca.com\/fi\/toode\/astiakaappi-ann\/#breadcrumb","itemListElement":[{"@type":"ListItem","position":1,"name":"Home","item":"https:\/\/www.marearca.com\/fi\/"},{"@type":"ListItem","position":2,"name":"Tuotteet","item":"https:\/\/www.marearca.com\/fi\/tuotteet\/"},{"@type":"ListItem","position":3,"name":"Astiakaappi \u201cAnn\u201d"}]},{"@type":"WebSite","@id":"https:\/\/www.marearca.com\/fi\/#website","url":"https:\/\/www.marearca.com\/fi\/","name":"Marearca","description":"arendus 2020","publisher":{"@id":"https:\/\/www.marearca.com\/fi\/#organization"},"potentialAction":[{"@type":"SearchAction","target":{"@type":"EntryPoint","urlTemplate":"https:\/\/www.marearca.com\/fi\/?s={search_term_string}"},"query-input":{"@type":"PropertyValueSpecification","valueRequired":true,"valueName":"search_term_string"}}],"inLanguage":"fi"},{"@type":"Organization","@id":"https:\/\/www.marearca.com\/fi\/#organization","name":"Marearca","url":"https:\/\/www.marearca.com\/fi\/","logo":{"@type":"ImageObject","inLanguage":"fi","@id":"https:\/\/www.marearca.com\/fi\/#\/schema\/logo\/image\/","url":"https:\/\/www.marearca.com\/wp-content\/uploads\/2021\/09\/site-logo.png","contentUrl":"https:\/\/www.marearca.com\/wp-content\/uploads\/2021\/09\/site-logo.png","width":380,"height":380,"caption":"Marearca"},"image":{"@id":"https:\/\/www.marearca.com\/fi\/#\/schema\/logo\/image\/"},"sameAs":["https:\/\/www.facebook.com\/marearca\/"]}]}},"_links":{"self":[{"href":"https:\/\/www.marearca.com\/fi\/wp-json\/wp\/v2\/product\/846","targetHints":{"allow":["GET"]}}],"collection":[{"href":"https:\/\/www.marearca.com\/fi\/wp-json\/wp\/v2\/product"}],"about":[{"href":"https:\/\/www.marearca.com\/fi\/wp-json\/wp\/v2\/types\/product"}],"wp:featuredmedia":[{"embeddable":true,"href":"https:\/\/www.marearca.com\/fi\/wp-json\/wp\/v2\/media\/1972"}],"wp:attachment":[{"href":"https:\/\/www.marearca.com\/fi\/wp-json\/wp\/v2\/media?parent=846"}],"wp:term":[{"taxonomy":"product_brand","embeddable":true,"href":"https:\/\/www.marearca.com\/fi\/wp-json\/wp\/v2\/product_brand?post=846"},{"taxonomy":"product_cat","embeddable":true,"href":"https:\/\/www.marearca.com\/fi\/wp-json\/wp\/v2\/product_cat?post=846"},{"taxonomy":"product_tag","embeddable":true,"href":"https:\/\/www.marearca.com\/fi\/wp-json\/wp\/v2\/product_tag?post=846"}],"curies":[{"name":"wp","href":"https:\/\/api.w.org\/{rel}","templated":true}]}}