{"id":837,"date":"2015-04-03T01:31:46","date_gmt":"2015-04-02T22:31:46","guid":{"rendered":"https:\/\/www.marearca.com\/\/shop\/product\/vaatekaappi-jaakko\/"},"modified":"2023-02-20T12:23:09","modified_gmt":"2023-02-20T10:23:09","slug":"vaatekaappi-jaakko","status":"publish","type":"product","link":"https:\/\/www.marearca.com\/fi\/toode\/vaatekaappi-jaakko\/","title":{"rendered":"Vaatekaappi Jaakko"},"content":{"rendered":"<p>Maalaisromanttinen vaatekaappi \u201dJaako\u201d on t\u00e4ytt\u00e4 puuta. Valmistettu koivusta ja terv\u00e4lep\u00e4st\u00e4.<\/p>\n<p>Maalattu k\u00e4sin, Akzo Nobel konsernin vesiohenteisella maalilla. Maalin s\u00e4vy puhdas valkoinen.<\/p>\n<p>Tilauksesta maalaamme my\u00f6s asiakkaan toiveiden mukaan, kuluneen valkoista, eris\u00e4vyill\u00e4, vahalla, \u00f6ljyll\u00e4.<\/p>\n<p>Standardi-kaapin sis\u00e4ll\u00e4 on tanko.<\/p>\n<p>Kaikki hyllyt ovat tilattavissa lis\u00e4masua vastaan. Asiakas voi itse p\u00e4\u00e4tt\u00e4\u00e4 mink\u00e4laiset hyllyt kaapin sis\u00e4lle haluaa.<\/p>\n<p>Jos et l\u00f6yt\u00e4nyt haluamaasi tuotetta valikoimastamme,<br \/>\nota meihin yhteytt\u00e4 ja kerro mink\u00e4laista huonekalua tarvitset.<br \/>\nJa me valmistamme juuri sinulle sopiivan tuoteen.<\/p>\n<p>&nbsp;<\/p>\n","protected":false},"excerpt":{"rendered":"<p>Perinteinen vaatekaappi tehty mestariteokseksi.<\/p>\n<p>Laadukasta koivu- ja lepp\u00e4puuta ja k\u00e4sink\u00e4sittely.<\/p>\n<p>Laatikot ja kaapin runko on yhdistetty vahvalla lohenpyrst\u00f6liitoksella.<\/p>\n<p><strong><\/strong><\/p>\n<p>&nbsp;<\/p>\n","protected":false},"featured_media":6745,"template":"","meta":[],"product_brand":[],"product_cat":[171],"product_tag":[546],"class_list":{"0":"post-837","1":"product","2":"type-product","3":"status-publish","4":"has-post-thumbnail","6":"product_cat-vaatekaapit","7":"product_tag-saadaval-fi","8":"pa_color-kulutetun-valkoinen","9":"pa_color-naturaalne-puit-fi","10":"pa_color-olitatud-fi","11":"pa_color-peitsitud-fi","12":"pa_color-poolmatt-valge-fi","13":"pa_color-vahatatud-fi","14":"pa_woo-korgus-197-cm","15":"pa_woo-laius-118-cm","16":"pa_woo-sygavus-54-cm","18":"first","19":"instock","20":"featured","21":"purchasable","22":"product-type-simple"},"etheme_brands":{"errors":{"invalid_taxonomy":["V\u00e4\u00e4r\u00e4 taksonomia."]},"error_data":[]},"yoast_head":"<!-- This site is optimized with the Yoast SEO plugin v27.5 - https:\/\/yoast.com\/product\/yoast-seo-wordpress\/ -->\n<title>Vaatekaappi Jaakko - Marearca<\/title>\n<meta name=\"robots\" content=\"index, follow, max-snippet:-1, max-image-preview:large, max-video-preview:-1\" \/>\n<link rel=\"canonical\" href=\"https:\/\/www.marearca.com\/fi\/toode\/vaatekaappi-jaakko\/\" \/>\n<meta property=\"og:locale\" content=\"fi_FI\" \/>\n<meta property=\"og:type\" content=\"article\" \/>\n<meta property=\"og:title\" content=\"Vaatekaappi Jaakko - Marearca\" \/>\n<meta property=\"og:description\" content=\"Perinteinen vaatekaappi tehty mestariteokseksi.  Laadukasta koivu- ja lepp\u00e4puuta ja k\u00e4sink\u00e4sittely.  Laatikot ja kaapin runko on yhdistetty vahvalla lohenpyrst\u00f6liitoksella.    &nbsp;\" \/>\n<meta property=\"og:url\" content=\"https:\/\/www.marearca.com\/fi\/toode\/vaatekaappi-jaakko\/\" \/>\n<meta property=\"og:site_name\" content=\"Marearca\" \/>\n<meta property=\"article:publisher\" content=\"https:\/\/www.facebook.com\/marearca\/\" \/>\n<meta property=\"article:modified_time\" content=\"2023-02-20T10:23:09+00:00\" \/>\n<meta property=\"og:image\" content=\"https:\/\/www.marearca.com\/wp-content\/uploads\/2014\/08\/Riidekapp-Jaak-20151.png\" \/>\n\t<meta property=\"og:image:width\" content=\"746\" \/>\n\t<meta property=\"og:image:height\" content=\"1200\" \/>\n\t<meta property=\"og:image:type\" content=\"image\/png\" \/>\n<meta name=\"twitter:card\" content=\"summary_large_image\" \/>\n<script type=\"application\/ld+json\" class=\"yoast-schema-graph\">{\"@context\":\"https:\\\/\\\/schema.org\",\"@graph\":[{\"@type\":\"WebPage\",\"@id\":\"https:\\\/\\\/www.marearca.com\\\/fi\\\/toode\\\/vaatekaappi-jaakko\\\/\",\"url\":\"https:\\\/\\\/www.marearca.com\\\/fi\\\/toode\\\/vaatekaappi-jaakko\\\/\",\"name\":\"Vaatekaappi Jaakko - Marearca\",\"isPartOf\":{\"@id\":\"https:\\\/\\\/www.marearca.com\\\/fi\\\/#website\"},\"primaryImageOfPage\":{\"@id\":\"https:\\\/\\\/www.marearca.com\\\/fi\\\/toode\\\/vaatekaappi-jaakko\\\/#primaryimage\"},\"image\":{\"@id\":\"https:\\\/\\\/www.marearca.com\\\/fi\\\/toode\\\/vaatekaappi-jaakko\\\/#primaryimage\"},\"thumbnailUrl\":\"https:\\\/\\\/www.marearca.com\\\/wp-content\\\/uploads\\\/2014\\\/08\\\/Riidekapp-Jaak-20151.png\",\"datePublished\":\"2015-04-02T22:31:46+00:00\",\"dateModified\":\"2023-02-20T10:23:09+00:00\",\"breadcrumb\":{\"@id\":\"https:\\\/\\\/www.marearca.com\\\/fi\\\/toode\\\/vaatekaappi-jaakko\\\/#breadcrumb\"},\"inLanguage\":\"fi\",\"potentialAction\":[{\"@type\":\"ReadAction\",\"target\":[\"https:\\\/\\\/www.marearca.com\\\/fi\\\/toode\\\/vaatekaappi-jaakko\\\/\"]}]},{\"@type\":\"ImageObject\",\"inLanguage\":\"fi\",\"@id\":\"https:\\\/\\\/www.marearca.com\\\/fi\\\/toode\\\/vaatekaappi-jaakko\\\/#primaryimage\",\"url\":\"https:\\\/\\\/www.marearca.com\\\/wp-content\\\/uploads\\\/2014\\\/08\\\/Riidekapp-Jaak-20151.png\",\"contentUrl\":\"https:\\\/\\\/www.marearca.com\\\/wp-content\\\/uploads\\\/2014\\\/08\\\/Riidekapp-Jaak-20151.png\",\"width\":746,\"height\":1200,\"caption\":\"kiinte\u00e4 puinen vaatekaappi\"},{\"@type\":\"BreadcrumbList\",\"@id\":\"https:\\\/\\\/www.marearca.com\\\/fi\\\/toode\\\/vaatekaappi-jaakko\\\/#breadcrumb\",\"itemListElement\":[{\"@type\":\"ListItem\",\"position\":1,\"name\":\"Home\",\"item\":\"https:\\\/\\\/www.marearca.com\\\/fi\\\/\"},{\"@type\":\"ListItem\",\"position\":2,\"name\":\"Tuotteet\",\"item\":\"https:\\\/\\\/www.marearca.com\\\/fi\\\/tuotteet\\\/\"},{\"@type\":\"ListItem\",\"position\":3,\"name\":\"Vaatekaappi Jaakko\"}]},{\"@type\":\"WebSite\",\"@id\":\"https:\\\/\\\/www.marearca.com\\\/fi\\\/#website\",\"url\":\"https:\\\/\\\/www.marearca.com\\\/fi\\\/\",\"name\":\"Marearca\",\"description\":\"arendus 2020\",\"publisher\":{\"@id\":\"https:\\\/\\\/www.marearca.com\\\/fi\\\/#organization\"},\"potentialAction\":[{\"@type\":\"SearchAction\",\"target\":{\"@type\":\"EntryPoint\",\"urlTemplate\":\"https:\\\/\\\/www.marearca.com\\\/fi\\\/?s={search_term_string}\"},\"query-input\":{\"@type\":\"PropertyValueSpecification\",\"valueRequired\":true,\"valueName\":\"search_term_string\"}}],\"inLanguage\":\"fi\"},{\"@type\":\"Organization\",\"@id\":\"https:\\\/\\\/www.marearca.com\\\/fi\\\/#organization\",\"name\":\"Marearca\",\"url\":\"https:\\\/\\\/www.marearca.com\\\/fi\\\/\",\"logo\":{\"@type\":\"ImageObject\",\"inLanguage\":\"fi\",\"@id\":\"https:\\\/\\\/www.marearca.com\\\/fi\\\/#\\\/schema\\\/logo\\\/image\\\/\",\"url\":\"https:\\\/\\\/www.marearca.com\\\/wp-content\\\/uploads\\\/2021\\\/09\\\/site-logo.png\",\"contentUrl\":\"https:\\\/\\\/www.marearca.com\\\/wp-content\\\/uploads\\\/2021\\\/09\\\/site-logo.png\",\"width\":380,\"height\":380,\"caption\":\"Marearca\"},\"image\":{\"@id\":\"https:\\\/\\\/www.marearca.com\\\/fi\\\/#\\\/schema\\\/logo\\\/image\\\/\"},\"sameAs\":[\"https:\\\/\\\/www.facebook.com\\\/marearca\\\/\"]}]}<\/script>\n<!-- \/ Yoast SEO plugin. -->","yoast_head_json":{"title":"Vaatekaappi Jaakko - Marearca","robots":{"index":"index","follow":"follow","max-snippet":"max-snippet:-1","max-image-preview":"max-image-preview:large","max-video-preview":"max-video-preview:-1"},"canonical":"https:\/\/www.marearca.com\/fi\/toode\/vaatekaappi-jaakko\/","og_locale":"fi_FI","og_type":"article","og_title":"Vaatekaappi Jaakko - Marearca","og_description":"Perinteinen vaatekaappi tehty mestariteokseksi.  Laadukasta koivu- ja lepp\u00e4puuta ja k\u00e4sink\u00e4sittely.  Laatikot ja kaapin runko on yhdistetty vahvalla lohenpyrst\u00f6liitoksella.    &nbsp;","og_url":"https:\/\/www.marearca.com\/fi\/toode\/vaatekaappi-jaakko\/","og_site_name":"Marearca","article_publisher":"https:\/\/www.facebook.com\/marearca\/","article_modified_time":"2023-02-20T10:23:09+00:00","og_image":[{"width":746,"height":1200,"url":"https:\/\/www.marearca.com\/wp-content\/uploads\/2014\/08\/Riidekapp-Jaak-20151.png","type":"image\/png"}],"twitter_card":"summary_large_image","schema":{"@context":"https:\/\/schema.org","@graph":[{"@type":"WebPage","@id":"https:\/\/www.marearca.com\/fi\/toode\/vaatekaappi-jaakko\/","url":"https:\/\/www.marearca.com\/fi\/toode\/vaatekaappi-jaakko\/","name":"Vaatekaappi Jaakko - Marearca","isPartOf":{"@id":"https:\/\/www.marearca.com\/fi\/#website"},"primaryImageOfPage":{"@id":"https:\/\/www.marearca.com\/fi\/toode\/vaatekaappi-jaakko\/#primaryimage"},"image":{"@id":"https:\/\/www.marearca.com\/fi\/toode\/vaatekaappi-jaakko\/#primaryimage"},"thumbnailUrl":"https:\/\/www.marearca.com\/wp-content\/uploads\/2014\/08\/Riidekapp-Jaak-20151.png","datePublished":"2015-04-02T22:31:46+00:00","dateModified":"2023-02-20T10:23:09+00:00","breadcrumb":{"@id":"https:\/\/www.marearca.com\/fi\/toode\/vaatekaappi-jaakko\/#breadcrumb"},"inLanguage":"fi","potentialAction":[{"@type":"ReadAction","target":["https:\/\/www.marearca.com\/fi\/toode\/vaatekaappi-jaakko\/"]}]},{"@type":"ImageObject","inLanguage":"fi","@id":"https:\/\/www.marearca.com\/fi\/toode\/vaatekaappi-jaakko\/#primaryimage","url":"https:\/\/www.marearca.com\/wp-content\/uploads\/2014\/08\/Riidekapp-Jaak-20151.png","contentUrl":"https:\/\/www.marearca.com\/wp-content\/uploads\/2014\/08\/Riidekapp-Jaak-20151.png","width":746,"height":1200,"caption":"kiinte\u00e4 puinen vaatekaappi"},{"@type":"BreadcrumbList","@id":"https:\/\/www.marearca.com\/fi\/toode\/vaatekaappi-jaakko\/#breadcrumb","itemListElement":[{"@type":"ListItem","position":1,"name":"Home","item":"https:\/\/www.marearca.com\/fi\/"},{"@type":"ListItem","position":2,"name":"Tuotteet","item":"https:\/\/www.marearca.com\/fi\/tuotteet\/"},{"@type":"ListItem","position":3,"name":"Vaatekaappi Jaakko"}]},{"@type":"WebSite","@id":"https:\/\/www.marearca.com\/fi\/#website","url":"https:\/\/www.marearca.com\/fi\/","name":"Marearca","description":"arendus 2020","publisher":{"@id":"https:\/\/www.marearca.com\/fi\/#organization"},"potentialAction":[{"@type":"SearchAction","target":{"@type":"EntryPoint","urlTemplate":"https:\/\/www.marearca.com\/fi\/?s={search_term_string}"},"query-input":{"@type":"PropertyValueSpecification","valueRequired":true,"valueName":"search_term_string"}}],"inLanguage":"fi"},{"@type":"Organization","@id":"https:\/\/www.marearca.com\/fi\/#organization","name":"Marearca","url":"https:\/\/www.marearca.com\/fi\/","logo":{"@type":"ImageObject","inLanguage":"fi","@id":"https:\/\/www.marearca.com\/fi\/#\/schema\/logo\/image\/","url":"https:\/\/www.marearca.com\/wp-content\/uploads\/2021\/09\/site-logo.png","contentUrl":"https:\/\/www.marearca.com\/wp-content\/uploads\/2021\/09\/site-logo.png","width":380,"height":380,"caption":"Marearca"},"image":{"@id":"https:\/\/www.marearca.com\/fi\/#\/schema\/logo\/image\/"},"sameAs":["https:\/\/www.facebook.com\/marearca\/"]}]}},"_links":{"self":[{"href":"https:\/\/www.marearca.com\/fi\/wp-json\/wp\/v2\/product\/837","targetHints":{"allow":["GET"]}}],"collection":[{"href":"https:\/\/www.marearca.com\/fi\/wp-json\/wp\/v2\/product"}],"about":[{"href":"https:\/\/www.marearca.com\/fi\/wp-json\/wp\/v2\/types\/product"}],"wp:featuredmedia":[{"embeddable":true,"href":"https:\/\/www.marearca.com\/fi\/wp-json\/wp\/v2\/media\/6745"}],"wp:attachment":[{"href":"https:\/\/www.marearca.com\/fi\/wp-json\/wp\/v2\/media?parent=837"}],"wp:term":[{"taxonomy":"product_brand","embeddable":true,"href":"https:\/\/www.marearca.com\/fi\/wp-json\/wp\/v2\/product_brand?post=837"},{"taxonomy":"product_cat","embeddable":true,"href":"https:\/\/www.marearca.com\/fi\/wp-json\/wp\/v2\/product_cat?post=837"},{"taxonomy":"product_tag","embeddable":true,"href":"https:\/\/www.marearca.com\/fi\/wp-json\/wp\/v2\/product_tag?post=837"}],"curies":[{"name":"wp","href":"https:\/\/api.w.org\/{rel}","templated":true}]}}