{"id":785,"date":"2014-08-07T00:36:39","date_gmt":"2014-08-06T21:36:39","guid":{"rendered":"https:\/\/www.marearca.com\/\/shop\/product\/iso-vaatekaappi-3-ovella\/"},"modified":"2023-02-20T12:23:10","modified_gmt":"2023-02-20T10:23:10","slug":"iso-vaatekaappi-3-ovella","status":"publish","type":"product","link":"https:\/\/www.marearca.com\/fi\/toode\/iso-vaatekaappi-3-ovella\/","title":{"rendered":"Vaatekaappi Maritima"},"content":{"rendered":"<p style=\"color: #333333;\"><span style=\"color: #141412;\">T\u00e4m\u00e4 maalaisromanttinen vaatekomero on t\u00e4ytt\u00e4 puuta. Valmistettu koivusta ja terv\u00e4lep\u00e4st\u00e4.<\/span><\/p>\n<p style=\"color: #333333;\"><span style=\"color: #141412;\">Maalattu k\u00e4sin, Akzo Nobel konsernin vesiohenteisella maalilla. Maalin s\u00e4vy puhdas valkoinen.<\/span><\/p>\n<p style=\"color: #333333;\"><span style=\"color: #141412;\">Tilauksesta maalaamme my\u00f6s asiakkaan toiveiden mukaan, kuluneen valkoista, eris\u00e4vyill\u00e4, vahalla, \u00f6ljyll\u00e4.<\/span><\/p>\n<p style=\"color: #141412;\">Standardi-kaapin sis\u00e4ll\u00e4 oikealla on tanko ja vasemmalla puiset hyllyt 4 kpl.<\/p>\n<p style=\"color: #141412;\">Lis\u00e4hyllyt ovat tilattavissa lis\u00e4masua vastaan. Asiakas voi itse p\u00e4\u00e4tt\u00e4\u00e4 mink\u00e4laiset hyllyt kaapin sis\u00e4lle haluaa.<\/p>\n<p style=\"color: #141412;\">Yl\u00e4kruunun ja sorvatut nupit ovat my\u00f6s tilattavissa maksua vastaan hinta 130 eur.<\/p>\n<p style=\"color: #141412;\"><strong>Tuoteen tilaaminen ja tilauksen maksaminen:<\/strong><\/p>\n<p style=\"color: #141412;\"><strong>Voit tehd\u00e4 tilauksesi s\u00e4hk\u00f6postitse,puhelimetse tai k\u00e4ytt\u00e4m\u00e4ll\u00e4 tilauslomaketta.<\/strong><\/p>\n<p style=\"color: #141412;\"><strong>Voit maksaa tilauksesi joko verkkopankin kautta tai k\u00e4teisell\u00e4 toimituksen yhteydess\u00e4 kotiovella. <\/strong><\/p>\n<p style=\"color: #141412;\">info(at)marearca.com<\/p>\n<p style=\"color: #141412;\">Jos et l\u00f6yt\u00e4nyt haluamaasi tuotetta valikoimastamme,<br \/>\nota meihin yhteytt\u00e4 ja kerro mink\u00e4laista huonekalua tarvitset.<br \/>\nJa me valmistamme juuri sinulle sopiivan tuoteen.<\/p>\n<p>Kaapin toimittaja on kuljetusliike, toimitus <span style=\"font-weight: inherit; font-style: inherit;\">asiakkaan<\/span> pihalle asti. Hinta ymp\u00e4ri manner Suomea 120 eur.<\/p>\n<p>Sis\u00e4llekanto on sovittava erikseen kuljetusliikeen kanssa.<\/p>\n","protected":false},"excerpt":{"rendered":"<p>Perinteinen vaatekaappi tehty mestariteokseksi.<\/p>\n<p>Laadukasta koivu- ja lepp\u00e4puuta ja k\u00e4sink\u00e4sittely.<\/p>\n<p>Laatikot ja kaapin runko on yhdistetty vahvalla lohenpyrst\u00f6liitoksella.<\/p>\n<p>&nbsp;<\/p>\n","protected":false},"featured_media":1026,"template":"","meta":[],"product_brand":[],"product_cat":[171],"product_tag":[],"class_list":{"0":"post-785","1":"product","2":"type-product","3":"status-publish","4":"has-post-thumbnail","6":"product_cat-vaatekaapit","7":"pa_color-kulutetun-valkoinen","8":"pa_color-naturaalne-puit-fi","9":"pa_color-olitatud-fi","10":"pa_color-peitsitud-fi","11":"pa_color-poolmatt-valge-fi","12":"pa_color-vahatatud-fi","13":"pa_woo-korgus-197-cm","14":"pa_woo-laius-172-cm","15":"pa_woo-sygavus-54-cm","17":"first","18":"instock","19":"purchasable","20":"product-type-simple"},"etheme_brands":{"errors":{"invalid_taxonomy":["V\u00e4\u00e4r\u00e4 taksonomia."]},"error_data":[]},"yoast_head":"<!-- This site is optimized with the Yoast SEO plugin v27.5 - https:\/\/yoast.com\/product\/yoast-seo-wordpress\/ -->\n<title>Vaatekaappi Maritima - Marearca<\/title>\n<meta name=\"robots\" content=\"index, follow, max-snippet:-1, max-image-preview:large, max-video-preview:-1\" \/>\n<link rel=\"canonical\" href=\"https:\/\/www.marearca.com\/fi\/toode\/iso-vaatekaappi-3-ovella\/\" \/>\n<meta property=\"og:locale\" content=\"fi_FI\" \/>\n<meta property=\"og:type\" content=\"article\" \/>\n<meta property=\"og:title\" content=\"Vaatekaappi Maritima - Marearca\" \/>\n<meta property=\"og:description\" content=\"Perinteinen vaatekaappi tehty mestariteokseksi.  Laadukasta koivu- ja lepp\u00e4puuta ja k\u00e4sink\u00e4sittely.  Laatikot ja kaapin runko on yhdistetty vahvalla lohenpyrst\u00f6liitoksella.    &nbsp;\" \/>\n<meta property=\"og:url\" content=\"https:\/\/www.marearca.com\/fi\/toode\/iso-vaatekaappi-3-ovella\/\" \/>\n<meta property=\"og:site_name\" content=\"Marearca\" \/>\n<meta property=\"article:publisher\" content=\"https:\/\/www.facebook.com\/marearca\/\" \/>\n<meta property=\"article:modified_time\" content=\"2023-02-20T10:23:10+00:00\" \/>\n<meta property=\"og:image\" content=\"https:\/\/www.marearca.com\/wp-content\/uploads\/2014\/08\/kapp_suur_transp.png\" \/>\n\t<meta property=\"og:image:width\" content=\"768\" \/>\n\t<meta property=\"og:image:height\" content=\"1024\" \/>\n\t<meta property=\"og:image:type\" content=\"image\/png\" \/>\n<meta name=\"twitter:card\" content=\"summary_large_image\" \/>\n<meta name=\"twitter:label1\" content=\"Arvioitu lukuaika\" \/>\n\t<meta name=\"twitter:data1\" content=\"1 minuutti\" \/>\n<script type=\"application\/ld+json\" class=\"yoast-schema-graph\">{\"@context\":\"https:\\\/\\\/schema.org\",\"@graph\":[{\"@type\":\"WebPage\",\"@id\":\"https:\\\/\\\/www.marearca.com\\\/fi\\\/toode\\\/iso-vaatekaappi-3-ovella\\\/\",\"url\":\"https:\\\/\\\/www.marearca.com\\\/fi\\\/toode\\\/iso-vaatekaappi-3-ovella\\\/\",\"name\":\"Vaatekaappi Maritima - Marearca\",\"isPartOf\":{\"@id\":\"https:\\\/\\\/www.marearca.com\\\/fi\\\/#website\"},\"primaryImageOfPage\":{\"@id\":\"https:\\\/\\\/www.marearca.com\\\/fi\\\/toode\\\/iso-vaatekaappi-3-ovella\\\/#primaryimage\"},\"image\":{\"@id\":\"https:\\\/\\\/www.marearca.com\\\/fi\\\/toode\\\/iso-vaatekaappi-3-ovella\\\/#primaryimage\"},\"thumbnailUrl\":\"https:\\\/\\\/www.marearca.com\\\/wp-content\\\/uploads\\\/2014\\\/08\\\/kapp_suur_transp.png\",\"datePublished\":\"2014-08-06T21:36:39+00:00\",\"dateModified\":\"2023-02-20T10:23:10+00:00\",\"breadcrumb\":{\"@id\":\"https:\\\/\\\/www.marearca.com\\\/fi\\\/toode\\\/iso-vaatekaappi-3-ovella\\\/#breadcrumb\"},\"inLanguage\":\"fi\",\"potentialAction\":[{\"@type\":\"ReadAction\",\"target\":[\"https:\\\/\\\/www.marearca.com\\\/fi\\\/toode\\\/iso-vaatekaappi-3-ovella\\\/\"]}]},{\"@type\":\"ImageObject\",\"inLanguage\":\"fi\",\"@id\":\"https:\\\/\\\/www.marearca.com\\\/fi\\\/toode\\\/iso-vaatekaappi-3-ovella\\\/#primaryimage\",\"url\":\"https:\\\/\\\/www.marearca.com\\\/wp-content\\\/uploads\\\/2014\\\/08\\\/kapp_suur_transp.png\",\"contentUrl\":\"https:\\\/\\\/www.marearca.com\\\/wp-content\\\/uploads\\\/2014\\\/08\\\/kapp_suur_transp.png\",\"width\":768,\"height\":1024,\"caption\":\"Cap: Iso vaatekaappi 3 ovella\"},{\"@type\":\"BreadcrumbList\",\"@id\":\"https:\\\/\\\/www.marearca.com\\\/fi\\\/toode\\\/iso-vaatekaappi-3-ovella\\\/#breadcrumb\",\"itemListElement\":[{\"@type\":\"ListItem\",\"position\":1,\"name\":\"Home\",\"item\":\"https:\\\/\\\/www.marearca.com\\\/fi\\\/\"},{\"@type\":\"ListItem\",\"position\":2,\"name\":\"Tuotteet\",\"item\":\"https:\\\/\\\/www.marearca.com\\\/fi\\\/tuotteet\\\/\"},{\"@type\":\"ListItem\",\"position\":3,\"name\":\"Vaatekaappi Maritima\"}]},{\"@type\":\"WebSite\",\"@id\":\"https:\\\/\\\/www.marearca.com\\\/fi\\\/#website\",\"url\":\"https:\\\/\\\/www.marearca.com\\\/fi\\\/\",\"name\":\"Marearca\",\"description\":\"arendus 2020\",\"publisher\":{\"@id\":\"https:\\\/\\\/www.marearca.com\\\/fi\\\/#organization\"},\"potentialAction\":[{\"@type\":\"SearchAction\",\"target\":{\"@type\":\"EntryPoint\",\"urlTemplate\":\"https:\\\/\\\/www.marearca.com\\\/fi\\\/?s={search_term_string}\"},\"query-input\":{\"@type\":\"PropertyValueSpecification\",\"valueRequired\":true,\"valueName\":\"search_term_string\"}}],\"inLanguage\":\"fi\"},{\"@type\":\"Organization\",\"@id\":\"https:\\\/\\\/www.marearca.com\\\/fi\\\/#organization\",\"name\":\"Marearca\",\"url\":\"https:\\\/\\\/www.marearca.com\\\/fi\\\/\",\"logo\":{\"@type\":\"ImageObject\",\"inLanguage\":\"fi\",\"@id\":\"https:\\\/\\\/www.marearca.com\\\/fi\\\/#\\\/schema\\\/logo\\\/image\\\/\",\"url\":\"https:\\\/\\\/www.marearca.com\\\/wp-content\\\/uploads\\\/2021\\\/09\\\/site-logo.png\",\"contentUrl\":\"https:\\\/\\\/www.marearca.com\\\/wp-content\\\/uploads\\\/2021\\\/09\\\/site-logo.png\",\"width\":380,\"height\":380,\"caption\":\"Marearca\"},\"image\":{\"@id\":\"https:\\\/\\\/www.marearca.com\\\/fi\\\/#\\\/schema\\\/logo\\\/image\\\/\"},\"sameAs\":[\"https:\\\/\\\/www.facebook.com\\\/marearca\\\/\"]}]}<\/script>\n<!-- \/ Yoast SEO plugin. -->","yoast_head_json":{"title":"Vaatekaappi Maritima - Marearca","robots":{"index":"index","follow":"follow","max-snippet":"max-snippet:-1","max-image-preview":"max-image-preview:large","max-video-preview":"max-video-preview:-1"},"canonical":"https:\/\/www.marearca.com\/fi\/toode\/iso-vaatekaappi-3-ovella\/","og_locale":"fi_FI","og_type":"article","og_title":"Vaatekaappi Maritima - Marearca","og_description":"Perinteinen vaatekaappi tehty mestariteokseksi.  Laadukasta koivu- ja lepp\u00e4puuta ja k\u00e4sink\u00e4sittely.  Laatikot ja kaapin runko on yhdistetty vahvalla lohenpyrst\u00f6liitoksella.    &nbsp;","og_url":"https:\/\/www.marearca.com\/fi\/toode\/iso-vaatekaappi-3-ovella\/","og_site_name":"Marearca","article_publisher":"https:\/\/www.facebook.com\/marearca\/","article_modified_time":"2023-02-20T10:23:10+00:00","og_image":[{"width":768,"height":1024,"url":"https:\/\/www.marearca.com\/wp-content\/uploads\/2014\/08\/kapp_suur_transp.png","type":"image\/png"}],"twitter_card":"summary_large_image","twitter_misc":{"Arvioitu lukuaika":"1 minuutti"},"schema":{"@context":"https:\/\/schema.org","@graph":[{"@type":"WebPage","@id":"https:\/\/www.marearca.com\/fi\/toode\/iso-vaatekaappi-3-ovella\/","url":"https:\/\/www.marearca.com\/fi\/toode\/iso-vaatekaappi-3-ovella\/","name":"Vaatekaappi Maritima - Marearca","isPartOf":{"@id":"https:\/\/www.marearca.com\/fi\/#website"},"primaryImageOfPage":{"@id":"https:\/\/www.marearca.com\/fi\/toode\/iso-vaatekaappi-3-ovella\/#primaryimage"},"image":{"@id":"https:\/\/www.marearca.com\/fi\/toode\/iso-vaatekaappi-3-ovella\/#primaryimage"},"thumbnailUrl":"https:\/\/www.marearca.com\/wp-content\/uploads\/2014\/08\/kapp_suur_transp.png","datePublished":"2014-08-06T21:36:39+00:00","dateModified":"2023-02-20T10:23:10+00:00","breadcrumb":{"@id":"https:\/\/www.marearca.com\/fi\/toode\/iso-vaatekaappi-3-ovella\/#breadcrumb"},"inLanguage":"fi","potentialAction":[{"@type":"ReadAction","target":["https:\/\/www.marearca.com\/fi\/toode\/iso-vaatekaappi-3-ovella\/"]}]},{"@type":"ImageObject","inLanguage":"fi","@id":"https:\/\/www.marearca.com\/fi\/toode\/iso-vaatekaappi-3-ovella\/#primaryimage","url":"https:\/\/www.marearca.com\/wp-content\/uploads\/2014\/08\/kapp_suur_transp.png","contentUrl":"https:\/\/www.marearca.com\/wp-content\/uploads\/2014\/08\/kapp_suur_transp.png","width":768,"height":1024,"caption":"Cap: Iso vaatekaappi 3 ovella"},{"@type":"BreadcrumbList","@id":"https:\/\/www.marearca.com\/fi\/toode\/iso-vaatekaappi-3-ovella\/#breadcrumb","itemListElement":[{"@type":"ListItem","position":1,"name":"Home","item":"https:\/\/www.marearca.com\/fi\/"},{"@type":"ListItem","position":2,"name":"Tuotteet","item":"https:\/\/www.marearca.com\/fi\/tuotteet\/"},{"@type":"ListItem","position":3,"name":"Vaatekaappi Maritima"}]},{"@type":"WebSite","@id":"https:\/\/www.marearca.com\/fi\/#website","url":"https:\/\/www.marearca.com\/fi\/","name":"Marearca","description":"arendus 2020","publisher":{"@id":"https:\/\/www.marearca.com\/fi\/#organization"},"potentialAction":[{"@type":"SearchAction","target":{"@type":"EntryPoint","urlTemplate":"https:\/\/www.marearca.com\/fi\/?s={search_term_string}"},"query-input":{"@type":"PropertyValueSpecification","valueRequired":true,"valueName":"search_term_string"}}],"inLanguage":"fi"},{"@type":"Organization","@id":"https:\/\/www.marearca.com\/fi\/#organization","name":"Marearca","url":"https:\/\/www.marearca.com\/fi\/","logo":{"@type":"ImageObject","inLanguage":"fi","@id":"https:\/\/www.marearca.com\/fi\/#\/schema\/logo\/image\/","url":"https:\/\/www.marearca.com\/wp-content\/uploads\/2021\/09\/site-logo.png","contentUrl":"https:\/\/www.marearca.com\/wp-content\/uploads\/2021\/09\/site-logo.png","width":380,"height":380,"caption":"Marearca"},"image":{"@id":"https:\/\/www.marearca.com\/fi\/#\/schema\/logo\/image\/"},"sameAs":["https:\/\/www.facebook.com\/marearca\/"]}]}},"_links":{"self":[{"href":"https:\/\/www.marearca.com\/fi\/wp-json\/wp\/v2\/product\/785","targetHints":{"allow":["GET"]}}],"collection":[{"href":"https:\/\/www.marearca.com\/fi\/wp-json\/wp\/v2\/product"}],"about":[{"href":"https:\/\/www.marearca.com\/fi\/wp-json\/wp\/v2\/types\/product"}],"wp:featuredmedia":[{"embeddable":true,"href":"https:\/\/www.marearca.com\/fi\/wp-json\/wp\/v2\/media\/1026"}],"wp:attachment":[{"href":"https:\/\/www.marearca.com\/fi\/wp-json\/wp\/v2\/media?parent=785"}],"wp:term":[{"taxonomy":"product_brand","embeddable":true,"href":"https:\/\/www.marearca.com\/fi\/wp-json\/wp\/v2\/product_brand?post=785"},{"taxonomy":"product_cat","embeddable":true,"href":"https:\/\/www.marearca.com\/fi\/wp-json\/wp\/v2\/product_cat?post=785"},{"taxonomy":"product_tag","embeddable":true,"href":"https:\/\/www.marearca.com\/fi\/wp-json\/wp\/v2\/product_tag?post=785"}],"curies":[{"name":"wp","href":"https:\/\/api.w.org\/{rel}","templated":true}]}}