{"id":6386,"date":"2014-10-17T10:21:41","date_gmt":"2014-10-17T07:21:41","guid":{"rendered":"https:\/\/www.marearca.com\/\/product\/senkki-aime\/"},"modified":"2018-04-11T12:14:56","modified_gmt":"2018-04-11T09:14:56","slug":"senkki-aime","status":"publish","type":"product","link":"https:\/\/www.marearca.com\/fi\/toode\/senkki-aime\/","title":{"rendered":"Lipasto Aime"},"content":{"rendered":"<div>Maalattu k\u00e4sin, Akzo Nobel konsernin vesiohenteisella maalilla. Maalin s\u00e4vy puhdas valkoinen.<\/div>\n<div> <\/div>\n<div>Tilauksesta pintak\u00e4sittelemme my\u00f6s asiakkaan toiveiden mukaan eri v\u00e4reill\u00e4\/v\u00e4rikombinaatioilla, kuluneen valkoiseksi, Osmocolor vahalla, \u00f6ljyll\u00e4.<\/div>\n<div> <\/div>\n<div> <\/div>\n<div>Kaapin sis\u00e4ll\u00e4 on yksi hylly. Lis\u00e4hyllyj\u00e4 laitamme maksua vastaan.<\/div>\n<div> <\/div>\n<div>Maksutapa tilisiirto tai k\u00e4teinen, maksat vasta sitten kun kaappi on toimitettu kotiisi!<\/div>\n<div> <\/div>\n<div> <\/div>\n<div>Jos et l\u00f6yt\u00e4nyt haluamaasi tuotetta valikoimastamme,<\/div>\n<div>ota meihin yhteytt\u00e4 ja kerro mink\u00e4laista huonekalua tarvitset.<\/div>\n<div>Ja me valmistamme juuri sinulle sopiivan tuoteen.<\/div>\n<div> <\/div>\n<div> <\/div>\n<div>Kaapin toimittaja on kuljetusliike, toimitus asiakkaan pihalle asti. Hinta ymp\u00e4ri manner Suomea 120 eur.  <\/div>\n<div> <\/div>\n<div>Sis\u00e4llekanto on sovittava erikseen kuljetusliikeen kanssa.<\/div>\n","protected":false},"excerpt":{"rendered":"<div>Lipasto on valmistettu k\u00e4sity\u00f6n\u00e4 on kahdella puisella peiliovella ja kahdella laatikolla.<\/div>\n<div> <\/div>\n<div>Lipaston runko ja laatikot liitetty yhteen lohenpyrst\u00f6 tapeilla. Liitoksille annamme ikuisen takuun.<\/div>\n<div> <\/div>\n<div>Kaappi on t\u00e4ytt\u00e4 puuta. Valmistettu koivusta ja terv\u00e4lep\u00e4st\u00e4.<\/div>\n","protected":false},"featured_media":2590,"template":"","meta":[],"product_brand":[],"product_cat":[364],"product_tag":[],"class_list":{"0":"post-6386","1":"product","2":"type-product","3":"status-publish","4":"has-post-thumbnail","6":"product_cat-lipastot","7":"pa_woo-korgus-130-cm","8":"pa_woo-laius-120-cm","9":"pa_woo-sygavus-50-cm","11":"first","12":"instock","13":"purchasable","14":"product-type-simple"},"etheme_brands":{"errors":{"invalid_taxonomy":["V\u00e4\u00e4r\u00e4 taksonomia."]},"error_data":[]},"yoast_head":"<!-- This site is optimized with the Yoast SEO plugin v27.5 - https:\/\/yoast.com\/product\/yoast-seo-wordpress\/ -->\n<title>Lipasto Aime - Marearca<\/title>\n<meta name=\"robots\" content=\"index, follow, max-snippet:-1, max-image-preview:large, max-video-preview:-1\" \/>\n<link rel=\"canonical\" href=\"https:\/\/www.marearca.com\/fi\/toode\/senkki-aime\/\" \/>\n<meta property=\"og:locale\" content=\"fi_FI\" \/>\n<meta property=\"og:type\" content=\"article\" \/>\n<meta property=\"og:title\" content=\"Lipasto Aime - Marearca\" \/>\n<meta property=\"og:description\" content=\"Lipasto on valmistettu k\u00e4sity\u00f6n\u00e4 on kahdella puisella peiliovella ja kahdella laatikolla.   Lipaston runko ja laatikot liitetty yhteen lohenpyrst\u00f6 tapeilla. Liitoksille annamme ikuisen takuun.   Kaappi on t\u00e4ytt\u00e4 puuta. Valmistettu koivusta ja terv\u00e4lep\u00e4st\u00e4.\" \/>\n<meta property=\"og:url\" content=\"https:\/\/www.marearca.com\/fi\/toode\/senkki-aime\/\" \/>\n<meta property=\"og:site_name\" content=\"Marearca\" \/>\n<meta property=\"article:publisher\" content=\"https:\/\/www.facebook.com\/marearca\/\" \/>\n<meta property=\"article:modified_time\" content=\"2018-04-11T09:14:56+00:00\" \/>\n<meta property=\"og:image\" content=\"https:\/\/www.marearca.com\/wp-content\/uploads\/2014\/10\/Kummut-Aime1.png\" \/>\n\t<meta property=\"og:image:width\" content=\"709\" \/>\n\t<meta property=\"og:image:height\" content=\"1024\" \/>\n\t<meta property=\"og:image:type\" content=\"image\/png\" \/>\n<meta name=\"twitter:card\" content=\"summary_large_image\" \/>\n<meta name=\"twitter:label1\" content=\"Arvioitu lukuaika\" \/>\n\t<meta name=\"twitter:data1\" content=\"1 minuutti\" \/>\n<script type=\"application\/ld+json\" class=\"yoast-schema-graph\">{\"@context\":\"https:\\\/\\\/schema.org\",\"@graph\":[{\"@type\":\"WebPage\",\"@id\":\"https:\\\/\\\/www.marearca.com\\\/fi\\\/toode\\\/senkki-aime\\\/\",\"url\":\"https:\\\/\\\/www.marearca.com\\\/fi\\\/toode\\\/senkki-aime\\\/\",\"name\":\"Lipasto Aime - Marearca\",\"isPartOf\":{\"@id\":\"https:\\\/\\\/www.marearca.com\\\/fi\\\/#website\"},\"primaryImageOfPage\":{\"@id\":\"https:\\\/\\\/www.marearca.com\\\/fi\\\/toode\\\/senkki-aime\\\/#primaryimage\"},\"image\":{\"@id\":\"https:\\\/\\\/www.marearca.com\\\/fi\\\/toode\\\/senkki-aime\\\/#primaryimage\"},\"thumbnailUrl\":\"https:\\\/\\\/www.marearca.com\\\/wp-content\\\/uploads\\\/2014\\\/10\\\/Kummut-Aime1.png\",\"datePublished\":\"2014-10-17T07:21:41+00:00\",\"dateModified\":\"2018-04-11T09:14:56+00:00\",\"breadcrumb\":{\"@id\":\"https:\\\/\\\/www.marearca.com\\\/fi\\\/toode\\\/senkki-aime\\\/#breadcrumb\"},\"inLanguage\":\"fi\",\"potentialAction\":[{\"@type\":\"ReadAction\",\"target\":[\"https:\\\/\\\/www.marearca.com\\\/fi\\\/toode\\\/senkki-aime\\\/\"]}]},{\"@type\":\"ImageObject\",\"inLanguage\":\"fi\",\"@id\":\"https:\\\/\\\/www.marearca.com\\\/fi\\\/toode\\\/senkki-aime\\\/#primaryimage\",\"url\":\"https:\\\/\\\/www.marearca.com\\\/wp-content\\\/uploads\\\/2014\\\/10\\\/Kummut-Aime1.png\",\"contentUrl\":\"https:\\\/\\\/www.marearca.com\\\/wp-content\\\/uploads\\\/2014\\\/10\\\/Kummut-Aime1.png\",\"width\":709,\"height\":1024,\"caption\":\"Valkoinen lipasto Aime\"},{\"@type\":\"BreadcrumbList\",\"@id\":\"https:\\\/\\\/www.marearca.com\\\/fi\\\/toode\\\/senkki-aime\\\/#breadcrumb\",\"itemListElement\":[{\"@type\":\"ListItem\",\"position\":1,\"name\":\"Home\",\"item\":\"https:\\\/\\\/www.marearca.com\\\/fi\\\/\"},{\"@type\":\"ListItem\",\"position\":2,\"name\":\"Tuotteet\",\"item\":\"https:\\\/\\\/www.marearca.com\\\/fi\\\/tuotteet\\\/\"},{\"@type\":\"ListItem\",\"position\":3,\"name\":\"Lipasto Aime\"}]},{\"@type\":\"WebSite\",\"@id\":\"https:\\\/\\\/www.marearca.com\\\/fi\\\/#website\",\"url\":\"https:\\\/\\\/www.marearca.com\\\/fi\\\/\",\"name\":\"Marearca\",\"description\":\"arendus 2020\",\"publisher\":{\"@id\":\"https:\\\/\\\/www.marearca.com\\\/fi\\\/#organization\"},\"potentialAction\":[{\"@type\":\"SearchAction\",\"target\":{\"@type\":\"EntryPoint\",\"urlTemplate\":\"https:\\\/\\\/www.marearca.com\\\/fi\\\/?s={search_term_string}\"},\"query-input\":{\"@type\":\"PropertyValueSpecification\",\"valueRequired\":true,\"valueName\":\"search_term_string\"}}],\"inLanguage\":\"fi\"},{\"@type\":\"Organization\",\"@id\":\"https:\\\/\\\/www.marearca.com\\\/fi\\\/#organization\",\"name\":\"Marearca\",\"url\":\"https:\\\/\\\/www.marearca.com\\\/fi\\\/\",\"logo\":{\"@type\":\"ImageObject\",\"inLanguage\":\"fi\",\"@id\":\"https:\\\/\\\/www.marearca.com\\\/fi\\\/#\\\/schema\\\/logo\\\/image\\\/\",\"url\":\"https:\\\/\\\/www.marearca.com\\\/wp-content\\\/uploads\\\/2021\\\/09\\\/site-logo.png\",\"contentUrl\":\"https:\\\/\\\/www.marearca.com\\\/wp-content\\\/uploads\\\/2021\\\/09\\\/site-logo.png\",\"width\":380,\"height\":380,\"caption\":\"Marearca\"},\"image\":{\"@id\":\"https:\\\/\\\/www.marearca.com\\\/fi\\\/#\\\/schema\\\/logo\\\/image\\\/\"},\"sameAs\":[\"https:\\\/\\\/www.facebook.com\\\/marearca\\\/\"]}]}<\/script>\n<!-- \/ Yoast SEO plugin. -->","yoast_head_json":{"title":"Lipasto Aime - Marearca","robots":{"index":"index","follow":"follow","max-snippet":"max-snippet:-1","max-image-preview":"max-image-preview:large","max-video-preview":"max-video-preview:-1"},"canonical":"https:\/\/www.marearca.com\/fi\/toode\/senkki-aime\/","og_locale":"fi_FI","og_type":"article","og_title":"Lipasto Aime - Marearca","og_description":"Lipasto on valmistettu k\u00e4sity\u00f6n\u00e4 on kahdella puisella peiliovella ja kahdella laatikolla.   Lipaston runko ja laatikot liitetty yhteen lohenpyrst\u00f6 tapeilla. Liitoksille annamme ikuisen takuun.   Kaappi on t\u00e4ytt\u00e4 puuta. Valmistettu koivusta ja terv\u00e4lep\u00e4st\u00e4.","og_url":"https:\/\/www.marearca.com\/fi\/toode\/senkki-aime\/","og_site_name":"Marearca","article_publisher":"https:\/\/www.facebook.com\/marearca\/","article_modified_time":"2018-04-11T09:14:56+00:00","og_image":[{"width":709,"height":1024,"url":"https:\/\/www.marearca.com\/wp-content\/uploads\/2014\/10\/Kummut-Aime1.png","type":"image\/png"}],"twitter_card":"summary_large_image","twitter_misc":{"Arvioitu lukuaika":"1 minuutti"},"schema":{"@context":"https:\/\/schema.org","@graph":[{"@type":"WebPage","@id":"https:\/\/www.marearca.com\/fi\/toode\/senkki-aime\/","url":"https:\/\/www.marearca.com\/fi\/toode\/senkki-aime\/","name":"Lipasto Aime - Marearca","isPartOf":{"@id":"https:\/\/www.marearca.com\/fi\/#website"},"primaryImageOfPage":{"@id":"https:\/\/www.marearca.com\/fi\/toode\/senkki-aime\/#primaryimage"},"image":{"@id":"https:\/\/www.marearca.com\/fi\/toode\/senkki-aime\/#primaryimage"},"thumbnailUrl":"https:\/\/www.marearca.com\/wp-content\/uploads\/2014\/10\/Kummut-Aime1.png","datePublished":"2014-10-17T07:21:41+00:00","dateModified":"2018-04-11T09:14:56+00:00","breadcrumb":{"@id":"https:\/\/www.marearca.com\/fi\/toode\/senkki-aime\/#breadcrumb"},"inLanguage":"fi","potentialAction":[{"@type":"ReadAction","target":["https:\/\/www.marearca.com\/fi\/toode\/senkki-aime\/"]}]},{"@type":"ImageObject","inLanguage":"fi","@id":"https:\/\/www.marearca.com\/fi\/toode\/senkki-aime\/#primaryimage","url":"https:\/\/www.marearca.com\/wp-content\/uploads\/2014\/10\/Kummut-Aime1.png","contentUrl":"https:\/\/www.marearca.com\/wp-content\/uploads\/2014\/10\/Kummut-Aime1.png","width":709,"height":1024,"caption":"Valkoinen lipasto Aime"},{"@type":"BreadcrumbList","@id":"https:\/\/www.marearca.com\/fi\/toode\/senkki-aime\/#breadcrumb","itemListElement":[{"@type":"ListItem","position":1,"name":"Home","item":"https:\/\/www.marearca.com\/fi\/"},{"@type":"ListItem","position":2,"name":"Tuotteet","item":"https:\/\/www.marearca.com\/fi\/tuotteet\/"},{"@type":"ListItem","position":3,"name":"Lipasto Aime"}]},{"@type":"WebSite","@id":"https:\/\/www.marearca.com\/fi\/#website","url":"https:\/\/www.marearca.com\/fi\/","name":"Marearca","description":"arendus 2020","publisher":{"@id":"https:\/\/www.marearca.com\/fi\/#organization"},"potentialAction":[{"@type":"SearchAction","target":{"@type":"EntryPoint","urlTemplate":"https:\/\/www.marearca.com\/fi\/?s={search_term_string}"},"query-input":{"@type":"PropertyValueSpecification","valueRequired":true,"valueName":"search_term_string"}}],"inLanguage":"fi"},{"@type":"Organization","@id":"https:\/\/www.marearca.com\/fi\/#organization","name":"Marearca","url":"https:\/\/www.marearca.com\/fi\/","logo":{"@type":"ImageObject","inLanguage":"fi","@id":"https:\/\/www.marearca.com\/fi\/#\/schema\/logo\/image\/","url":"https:\/\/www.marearca.com\/wp-content\/uploads\/2021\/09\/site-logo.png","contentUrl":"https:\/\/www.marearca.com\/wp-content\/uploads\/2021\/09\/site-logo.png","width":380,"height":380,"caption":"Marearca"},"image":{"@id":"https:\/\/www.marearca.com\/fi\/#\/schema\/logo\/image\/"},"sameAs":["https:\/\/www.facebook.com\/marearca\/"]}]}},"_links":{"self":[{"href":"https:\/\/www.marearca.com\/fi\/wp-json\/wp\/v2\/product\/6386","targetHints":{"allow":["GET"]}}],"collection":[{"href":"https:\/\/www.marearca.com\/fi\/wp-json\/wp\/v2\/product"}],"about":[{"href":"https:\/\/www.marearca.com\/fi\/wp-json\/wp\/v2\/types\/product"}],"wp:featuredmedia":[{"embeddable":true,"href":"https:\/\/www.marearca.com\/fi\/wp-json\/wp\/v2\/media\/2590"}],"wp:attachment":[{"href":"https:\/\/www.marearca.com\/fi\/wp-json\/wp\/v2\/media?parent=6386"}],"wp:term":[{"taxonomy":"product_brand","embeddable":true,"href":"https:\/\/www.marearca.com\/fi\/wp-json\/wp\/v2\/product_brand?post=6386"},{"taxonomy":"product_cat","embeddable":true,"href":"https:\/\/www.marearca.com\/fi\/wp-json\/wp\/v2\/product_cat?post=6386"},{"taxonomy":"product_tag","embeddable":true,"href":"https:\/\/www.marearca.com\/fi\/wp-json\/wp\/v2\/product_tag?post=6386"}],"curies":[{"name":"wp","href":"https:\/\/api.w.org\/{rel}","templated":true}]}}