{"id":13034,"date":"2022-12-31T09:32:38","date_gmt":"2022-12-31T07:32:38","guid":{"rendered":"https:\/\/www.marearca.com\/?post_type=product&#038;p=13034"},"modified":"2022-12-31T15:22:56","modified_gmt":"2022-12-31T13:22:56","slug":"vaatekaappi-jaakko-kopeeri","status":"publish","type":"product","link":"https:\/\/www.marearca.com\/fi\/toode\/vaatekaappi-jaakko-kopeeri\/","title":{"rendered":"Vaatekaappi Jaakko (kopeeri)"},"content":{"rendered":"<p style=\"color: #333333;\"><span style=\"color: #141412;\"> Maalaisromanttinen vaatekaappi &#8221;Jaako&#8221; on t\u00e4ytt\u00e4 puuta. Valmistettu koivusta ja terv\u00e4lep\u00e4st\u00e4. <\/span><\/p>\n<p style=\"color: #333333;\"><span style=\"color: #141412;\">Maalattu k\u00e4sin, Akzo Nobel konsernin vesiohenteisella maalilla. Maalin s\u00e4vy puhdas valkoinen.<\/span><\/p>\n<p style=\"color: #333333;\"><span style=\"color: #141412;\">Tilauksesta maalaamme my\u00f6s asiakkaan toiveiden mukaan, kuluneen valkoista, eris\u00e4vyill\u00e4, vahalla, \u00f6ljyll\u00e4.<\/span><\/p>\n<p style=\"color: #141412;\">Standardi-kaapin sis\u00e4ll\u00e4 on tanko.<\/p>\n<p style=\"color: #141412;\">\n<p style=\"color: #141412;\">Kaikki hyllyt ovat tilattavissa lis\u00e4masua vastaan. Asiakas voi itse p\u00e4\u00e4tt\u00e4\u00e4 mink\u00e4laiset hyllyt kaapin sis\u00e4lle haluaa.<\/p>\n<p style=\"color: #141412;\">Maalaisromanttinen kaapin yl\u00e4kruunun ja sorvatut nupit ovat my\u00f6s tilattavissa maksua vastaan hinta 130 eur.<\/p>\n<p style=\"color: #141412;\">\n<p style=\"color: #141412;\"><strong>Tuoteen tilaaminen ja tilauksen maksaminen<\/strong><\/p>\n<p style=\"color: #141412;\">\n<p style=\"color: #141412;\"><strong>Voit tehd\u00e4 tilauksesi s\u00e4hk\u00f6postitse,puhelimetse tai k\u00e4ytt\u00e4m\u00e4ll\u00e4 tilauslomaketta.<\/strong><\/p>\n<p style=\"color: #141412;\"><strong>Voit maksaa tilauksesi joko verkkopankin kautta tai k\u00e4teisell\u00e4 toimituksen yhteydess\u00e4 kotiovella. <\/strong><\/p>\n<p style=\"color: #141412;\">info(at)marearca.com<\/p>\n<p style=\"color: #141412;\">\n<p style=\"color: #141412;\">Jos et l\u00f6yt\u00e4nyt haluamaasi tuotetta valikoimastamme,<br \/>ota meihin yhteytt\u00e4 ja kerro mink\u00e4laista huonekalua tarvitset.<br \/>Ja me valmistamme juuri sinulle sopiivan tuoteen.<\/p>\n<p style=\"color: #141412;\">\n<p>Kaapin toimittaja on kuljetusliike, toimitus <span style=\"font-weight: inherit; font-style: inherit;\">asiakkaan<\/span> pihalle asti. Hinta ymp\u00e4ri manner Suomea 120 eur.  <\/p>\n<p>Sis\u00e4llekanto on sovittava erikseen kuljetusliikeen kanssa.<\/p>\n","protected":false},"excerpt":{"rendered":"<p>Perinteinen vaatekaappi tehty mestariteokseksi.<\/p>\n<p>Laadukasta koivu- ja lepp\u00e4puuta ja k\u00e4sink\u00e4sittely.<\/p>\n<p>Laatikot ja kaapin runko on yhdistetty vahvalla lohenpyrst\u00f6liitoksella.<\/p>\n<p>&nbsp;<\/p>\n","protected":false},"featured_media":2415,"template":"","meta":[],"product_brand":[],"product_cat":[171],"product_tag":[],"class_list":{"0":"post-13034","1":"product","2":"type-product","3":"status-publish","4":"has-post-thumbnail","6":"product_cat-vaatekaapit","7":"pa_color-kulutetun-valkoinen","8":"pa_color-naturaalne-puit-fi","9":"pa_color-olitatud-fi","10":"pa_color-peitsitud-fi","11":"pa_color-poolmatt-valge-fi","12":"pa_color-vahatatud-fi","13":"pa_woo-korgus-197-cm","14":"pa_woo-laius-118-cm","15":"pa_woo-sygavus-54-cm","17":"first","18":"instock","19":"purchasable","20":"product-type-simple"},"etheme_brands":{"errors":{"invalid_taxonomy":["V\u00e4\u00e4r\u00e4 taksonomia."]},"error_data":[]},"yoast_head":"<!-- This site is optimized with the Yoast SEO plugin v27.5 - https:\/\/yoast.com\/product\/yoast-seo-wordpress\/ -->\n<title>Vaatekaappi Jaakko (kopeeri) - Marearca<\/title>\n<meta name=\"robots\" content=\"index, follow, max-snippet:-1, max-image-preview:large, max-video-preview:-1\" \/>\n<link rel=\"canonical\" href=\"https:\/\/www.marearca.com\/fi\/toode\/vaatekaappi-jaakko-kopeeri\/\" \/>\n<meta property=\"og:locale\" content=\"fi_FI\" \/>\n<meta property=\"og:type\" content=\"article\" \/>\n<meta property=\"og:title\" content=\"Vaatekaappi Jaakko (kopeeri) - Marearca\" \/>\n<meta property=\"og:description\" content=\"Perinteinen vaatekaappi tehty mestariteokseksi.  Laadukasta koivu- ja lepp\u00e4puuta ja k\u00e4sink\u00e4sittely.  Laatikot ja kaapin runko on yhdistetty vahvalla lohenpyrst\u00f6liitoksella.    &nbsp;\" \/>\n<meta property=\"og:url\" content=\"https:\/\/www.marearca.com\/fi\/toode\/vaatekaappi-jaakko-kopeeri\/\" \/>\n<meta property=\"og:site_name\" content=\"Marearca\" \/>\n<meta property=\"article:publisher\" content=\"https:\/\/www.facebook.com\/marearca\/\" \/>\n<meta property=\"article:modified_time\" content=\"2022-12-31T13:22:56+00:00\" \/>\n<meta property=\"og:image\" content=\"https:\/\/www.marearca.com\/wp-content\/uploads\/2014\/09\/riidekapp.png\" \/>\n\t<meta property=\"og:image:width\" content=\"675\" \/>\n\t<meta property=\"og:image:height\" content=\"900\" \/>\n\t<meta property=\"og:image:type\" content=\"image\/png\" \/>\n<meta name=\"twitter:card\" content=\"summary_large_image\" \/>\n<meta name=\"twitter:label1\" content=\"Arvioitu lukuaika\" \/>\n\t<meta name=\"twitter:data1\" content=\"1 minuutti\" \/>\n<script type=\"application\/ld+json\" class=\"yoast-schema-graph\">{\"@context\":\"https:\\\/\\\/schema.org\",\"@graph\":[{\"@type\":\"WebPage\",\"@id\":\"https:\\\/\\\/www.marearca.com\\\/fi\\\/toode\\\/vaatekaappi-jaakko-kopeeri\\\/\",\"url\":\"https:\\\/\\\/www.marearca.com\\\/fi\\\/toode\\\/vaatekaappi-jaakko-kopeeri\\\/\",\"name\":\"Vaatekaappi Jaakko (kopeeri) - Marearca\",\"isPartOf\":{\"@id\":\"https:\\\/\\\/www.marearca.com\\\/fi\\\/#website\"},\"primaryImageOfPage\":{\"@id\":\"https:\\\/\\\/www.marearca.com\\\/fi\\\/toode\\\/vaatekaappi-jaakko-kopeeri\\\/#primaryimage\"},\"image\":{\"@id\":\"https:\\\/\\\/www.marearca.com\\\/fi\\\/toode\\\/vaatekaappi-jaakko-kopeeri\\\/#primaryimage\"},\"thumbnailUrl\":\"https:\\\/\\\/www.marearca.com\\\/wp-content\\\/uploads\\\/2014\\\/09\\\/riidekapp.png\",\"datePublished\":\"2022-12-31T07:32:38+00:00\",\"dateModified\":\"2022-12-31T13:22:56+00:00\",\"breadcrumb\":{\"@id\":\"https:\\\/\\\/www.marearca.com\\\/fi\\\/toode\\\/vaatekaappi-jaakko-kopeeri\\\/#breadcrumb\"},\"inLanguage\":\"fi\",\"potentialAction\":[{\"@type\":\"ReadAction\",\"target\":[\"https:\\\/\\\/www.marearca.com\\\/fi\\\/toode\\\/vaatekaappi-jaakko-kopeeri\\\/\"]}]},{\"@type\":\"ImageObject\",\"inLanguage\":\"fi\",\"@id\":\"https:\\\/\\\/www.marearca.com\\\/fi\\\/toode\\\/vaatekaappi-jaakko-kopeeri\\\/#primaryimage\",\"url\":\"https:\\\/\\\/www.marearca.com\\\/wp-content\\\/uploads\\\/2014\\\/09\\\/riidekapp.png\",\"contentUrl\":\"https:\\\/\\\/www.marearca.com\\\/wp-content\\\/uploads\\\/2014\\\/09\\\/riidekapp.png\",\"width\":675,\"height\":900,\"caption\":\"T\u00e4ispuidust riidekapp Jaak krooniga\"},{\"@type\":\"BreadcrumbList\",\"@id\":\"https:\\\/\\\/www.marearca.com\\\/fi\\\/toode\\\/vaatekaappi-jaakko-kopeeri\\\/#breadcrumb\",\"itemListElement\":[{\"@type\":\"ListItem\",\"position\":1,\"name\":\"Home\",\"item\":\"https:\\\/\\\/www.marearca.com\\\/fi\\\/\"},{\"@type\":\"ListItem\",\"position\":2,\"name\":\"Tuotteet\",\"item\":\"https:\\\/\\\/www.marearca.com\\\/fi\\\/tuotteet\\\/\"},{\"@type\":\"ListItem\",\"position\":3,\"name\":\"Vaatekaappi Jaakko (kopeeri)\"}]},{\"@type\":\"WebSite\",\"@id\":\"https:\\\/\\\/www.marearca.com\\\/fi\\\/#website\",\"url\":\"https:\\\/\\\/www.marearca.com\\\/fi\\\/\",\"name\":\"Marearca\",\"description\":\"arendus 2020\",\"publisher\":{\"@id\":\"https:\\\/\\\/www.marearca.com\\\/fi\\\/#organization\"},\"potentialAction\":[{\"@type\":\"SearchAction\",\"target\":{\"@type\":\"EntryPoint\",\"urlTemplate\":\"https:\\\/\\\/www.marearca.com\\\/fi\\\/?s={search_term_string}\"},\"query-input\":{\"@type\":\"PropertyValueSpecification\",\"valueRequired\":true,\"valueName\":\"search_term_string\"}}],\"inLanguage\":\"fi\"},{\"@type\":\"Organization\",\"@id\":\"https:\\\/\\\/www.marearca.com\\\/fi\\\/#organization\",\"name\":\"Marearca\",\"url\":\"https:\\\/\\\/www.marearca.com\\\/fi\\\/\",\"logo\":{\"@type\":\"ImageObject\",\"inLanguage\":\"fi\",\"@id\":\"https:\\\/\\\/www.marearca.com\\\/fi\\\/#\\\/schema\\\/logo\\\/image\\\/\",\"url\":\"https:\\\/\\\/www.marearca.com\\\/wp-content\\\/uploads\\\/2021\\\/09\\\/site-logo.png\",\"contentUrl\":\"https:\\\/\\\/www.marearca.com\\\/wp-content\\\/uploads\\\/2021\\\/09\\\/site-logo.png\",\"width\":380,\"height\":380,\"caption\":\"Marearca\"},\"image\":{\"@id\":\"https:\\\/\\\/www.marearca.com\\\/fi\\\/#\\\/schema\\\/logo\\\/image\\\/\"},\"sameAs\":[\"https:\\\/\\\/www.facebook.com\\\/marearca\\\/\"]}]}<\/script>\n<!-- \/ Yoast SEO plugin. -->","yoast_head_json":{"title":"Vaatekaappi Jaakko (kopeeri) - Marearca","robots":{"index":"index","follow":"follow","max-snippet":"max-snippet:-1","max-image-preview":"max-image-preview:large","max-video-preview":"max-video-preview:-1"},"canonical":"https:\/\/www.marearca.com\/fi\/toode\/vaatekaappi-jaakko-kopeeri\/","og_locale":"fi_FI","og_type":"article","og_title":"Vaatekaappi Jaakko (kopeeri) - Marearca","og_description":"Perinteinen vaatekaappi tehty mestariteokseksi.  Laadukasta koivu- ja lepp\u00e4puuta ja k\u00e4sink\u00e4sittely.  Laatikot ja kaapin runko on yhdistetty vahvalla lohenpyrst\u00f6liitoksella.    &nbsp;","og_url":"https:\/\/www.marearca.com\/fi\/toode\/vaatekaappi-jaakko-kopeeri\/","og_site_name":"Marearca","article_publisher":"https:\/\/www.facebook.com\/marearca\/","article_modified_time":"2022-12-31T13:22:56+00:00","og_image":[{"width":675,"height":900,"url":"https:\/\/www.marearca.com\/wp-content\/uploads\/2014\/09\/riidekapp.png","type":"image\/png"}],"twitter_card":"summary_large_image","twitter_misc":{"Arvioitu lukuaika":"1 minuutti"},"schema":{"@context":"https:\/\/schema.org","@graph":[{"@type":"WebPage","@id":"https:\/\/www.marearca.com\/fi\/toode\/vaatekaappi-jaakko-kopeeri\/","url":"https:\/\/www.marearca.com\/fi\/toode\/vaatekaappi-jaakko-kopeeri\/","name":"Vaatekaappi Jaakko (kopeeri) - Marearca","isPartOf":{"@id":"https:\/\/www.marearca.com\/fi\/#website"},"primaryImageOfPage":{"@id":"https:\/\/www.marearca.com\/fi\/toode\/vaatekaappi-jaakko-kopeeri\/#primaryimage"},"image":{"@id":"https:\/\/www.marearca.com\/fi\/toode\/vaatekaappi-jaakko-kopeeri\/#primaryimage"},"thumbnailUrl":"https:\/\/www.marearca.com\/wp-content\/uploads\/2014\/09\/riidekapp.png","datePublished":"2022-12-31T07:32:38+00:00","dateModified":"2022-12-31T13:22:56+00:00","breadcrumb":{"@id":"https:\/\/www.marearca.com\/fi\/toode\/vaatekaappi-jaakko-kopeeri\/#breadcrumb"},"inLanguage":"fi","potentialAction":[{"@type":"ReadAction","target":["https:\/\/www.marearca.com\/fi\/toode\/vaatekaappi-jaakko-kopeeri\/"]}]},{"@type":"ImageObject","inLanguage":"fi","@id":"https:\/\/www.marearca.com\/fi\/toode\/vaatekaappi-jaakko-kopeeri\/#primaryimage","url":"https:\/\/www.marearca.com\/wp-content\/uploads\/2014\/09\/riidekapp.png","contentUrl":"https:\/\/www.marearca.com\/wp-content\/uploads\/2014\/09\/riidekapp.png","width":675,"height":900,"caption":"T\u00e4ispuidust riidekapp Jaak krooniga"},{"@type":"BreadcrumbList","@id":"https:\/\/www.marearca.com\/fi\/toode\/vaatekaappi-jaakko-kopeeri\/#breadcrumb","itemListElement":[{"@type":"ListItem","position":1,"name":"Home","item":"https:\/\/www.marearca.com\/fi\/"},{"@type":"ListItem","position":2,"name":"Tuotteet","item":"https:\/\/www.marearca.com\/fi\/tuotteet\/"},{"@type":"ListItem","position":3,"name":"Vaatekaappi Jaakko (kopeeri)"}]},{"@type":"WebSite","@id":"https:\/\/www.marearca.com\/fi\/#website","url":"https:\/\/www.marearca.com\/fi\/","name":"Marearca","description":"arendus 2020","publisher":{"@id":"https:\/\/www.marearca.com\/fi\/#organization"},"potentialAction":[{"@type":"SearchAction","target":{"@type":"EntryPoint","urlTemplate":"https:\/\/www.marearca.com\/fi\/?s={search_term_string}"},"query-input":{"@type":"PropertyValueSpecification","valueRequired":true,"valueName":"search_term_string"}}],"inLanguage":"fi"},{"@type":"Organization","@id":"https:\/\/www.marearca.com\/fi\/#organization","name":"Marearca","url":"https:\/\/www.marearca.com\/fi\/","logo":{"@type":"ImageObject","inLanguage":"fi","@id":"https:\/\/www.marearca.com\/fi\/#\/schema\/logo\/image\/","url":"https:\/\/www.marearca.com\/wp-content\/uploads\/2021\/09\/site-logo.png","contentUrl":"https:\/\/www.marearca.com\/wp-content\/uploads\/2021\/09\/site-logo.png","width":380,"height":380,"caption":"Marearca"},"image":{"@id":"https:\/\/www.marearca.com\/fi\/#\/schema\/logo\/image\/"},"sameAs":["https:\/\/www.facebook.com\/marearca\/"]}]}},"_links":{"self":[{"href":"https:\/\/www.marearca.com\/fi\/wp-json\/wp\/v2\/product\/13034","targetHints":{"allow":["GET"]}}],"collection":[{"href":"https:\/\/www.marearca.com\/fi\/wp-json\/wp\/v2\/product"}],"about":[{"href":"https:\/\/www.marearca.com\/fi\/wp-json\/wp\/v2\/types\/product"}],"wp:featuredmedia":[{"embeddable":true,"href":"https:\/\/www.marearca.com\/fi\/wp-json\/wp\/v2\/media\/2415"}],"wp:attachment":[{"href":"https:\/\/www.marearca.com\/fi\/wp-json\/wp\/v2\/media?parent=13034"}],"wp:term":[{"taxonomy":"product_brand","embeddable":true,"href":"https:\/\/www.marearca.com\/fi\/wp-json\/wp\/v2\/product_brand?post=13034"},{"taxonomy":"product_cat","embeddable":true,"href":"https:\/\/www.marearca.com\/fi\/wp-json\/wp\/v2\/product_cat?post=13034"},{"taxonomy":"product_tag","embeddable":true,"href":"https:\/\/www.marearca.com\/fi\/wp-json\/wp\/v2\/product_tag?post=13034"}],"curies":[{"name":"wp","href":"https:\/\/api.w.org\/{rel}","templated":true}]}}