{"id":12037,"date":"2018-04-07T09:39:43","date_gmt":"2018-04-07T06:39:43","guid":{"rendered":"https:\/\/www.marearca.com\/custom-solutions\/"},"modified":"2021-10-03T08:24:22","modified_gmt":"2021-10-03T05:24:22","slug":"custom-solutions","status":"publish","type":"page","link":"https:\/\/www.marearca.com\/en\/home\/custom-solutions\/","title":{"rendered":"Custom solutions"},"content":{"rendered":"<div class=\"wpb-content-wrapper\"><p>[vc_row gap=&#8221;35&#8243; css=&#8221;.vc_custom_1633238217411{margin-top: 40px !important;}&#8221; _et_uniqid=&#8221;et_custom_uniqid_new_61593cc558545&#8243;][vc_column width=&#8221;2\/3&#8243;][vc_column_text]<\/p>\n<h2>Customize your order<\/h2>\n<p><img decoding=\"async\" class=\"alignright wp-image-11986 size-medium\" src=\"https:\/\/www.marearca.com\/wp-content\/uploads\/2018\/04\/measuring-300x200.jpg\" alt=\"\" width=\"300\" height=\"200\" srcset=\"https:\/\/www.marearca.com\/wp-content\/uploads\/2018\/04\/measuring-300x200.jpg 300w, https:\/\/www.marearca.com\/wp-content\/uploads\/2018\/04\/measuring-400x266.jpg 400w, https:\/\/www.marearca.com\/wp-content\/uploads\/2018\/04\/measuring-768x512.jpg 768w, https:\/\/www.marearca.com\/wp-content\/uploads\/2018\/04\/measuring-450x300.jpg 450w, https:\/\/www.marearca.com\/wp-content\/uploads\/2018\/04\/measuring-100x67.jpg 100w, https:\/\/www.marearca.com\/wp-content\/uploads\/2018\/04\/measuring.jpg 770w\" sizes=\"(max-width: 300px) 100vw, 300px\" \/>K\u00f5iki tooteid saab tellida erim\u00f5\u00f5dulisena.<br \/>\nAll our products are crafted by local carpenters, using high-quality birch and alder, hand painted, oiled or waxed-just as the customer wants.<\/p>\n<p>The furniture parts are connected by the dovetail tenons and finished product is signed by the carpenter.<\/p>\n<p>If you didn\u00b4t find from our selection the right furniture, contact us. All products can be ordered also in custom size and according to your design and needs.<\/p>\n<p>[\/vc_column_text][vc_separator el_width=&#8221;70&#8243; css=&#8221;.vc_custom_1633238263295{padding: 20px !important;}&#8221;][vc_row_inner][vc_column_inner][vc_column_text]<\/p>\n<h2>For architects and interior designers<\/h2>\n<p><img decoding=\"async\" class=\"alignright size-medium wp-image-11994\" src=\"https:\/\/www.marearca.com\/wp-content\/uploads\/2018\/04\/project-selling-300x200.png\" alt=\"\" width=\"300\" height=\"200\" srcset=\"https:\/\/www.marearca.com\/wp-content\/uploads\/2018\/04\/project-selling-300x200.png 300w, https:\/\/www.marearca.com\/wp-content\/uploads\/2018\/04\/project-selling-400x266.png 400w, https:\/\/www.marearca.com\/wp-content\/uploads\/2018\/04\/project-selling-768x512.png 768w, https:\/\/www.marearca.com\/wp-content\/uploads\/2018\/04\/project-selling-450x300.png 450w, https:\/\/www.marearca.com\/wp-content\/uploads\/2018\/04\/project-selling-100x67.png 100w, https:\/\/www.marearca.com\/wp-content\/uploads\/2018\/04\/project-selling.png 770w\" sizes=\"(max-width: 300px) 100vw, 300px\" \/><\/p>\n<p>We produce furniture for homes and public spaces and most of our products are custom made.<br \/>\nFor our products we provide transportation and, if necessary, installation.<br \/>\nSpecial terms for architects and interior designers.<\/p>\n<p>[\/vc_column_text][\/vc_column_inner][\/vc_row_inner][\/vc_column][vc_column width=&#8221;1\/3&#8243;][vc_column_text]<\/p>\n<h2>Custom order query<\/h2>\n<p>[\/vc_column_text][gravityform id=&#8221;2&#8243; title=&#8221;false&#8221; description=&#8221;false&#8221; ajax=&#8221;false&#8221;][\/vc_column][\/vc_row]<\/p>\n<\/div>","protected":false},"excerpt":{"rendered":"<p>[vc_row gap=&#8221;35&#8243; css=&#8221;.vc_custom_1633238217411{margin-top: 40px !important;}&#8221; _et_uniqid=&#8221;et_custom_uniqid_new_61593cc558545&#8243;][vc_column width=&#8221;2\/3&#8243;][vc_column_text] Customize your order K\u00f5iki tooteid saab tellida erim\u00f5\u00f5dulisena. All our products are crafted by local carpenters, using high-quality&#8230;<\/p>\n","protected":false},"author":15,"featured_media":0,"parent":12029,"menu_order":12,"comment_status":"closed","ping_status":"closed","template":"","meta":{"footnotes":""},"class_list":["post-12037","page","type-page","status-publish","hentry"],"yoast_head":"<!-- This site is optimized with the Yoast SEO plugin v27.5 - https:\/\/yoast.com\/product\/yoast-seo-wordpress\/ -->\n<title>Custom solutions - Marearca<\/title>\n<meta name=\"robots\" content=\"index, follow, max-snippet:-1, max-image-preview:large, max-video-preview:-1\" \/>\n<link rel=\"canonical\" href=\"https:\/\/www.marearca.com\/en\/home\/custom-solutions\/\" \/>\n<meta property=\"og:locale\" content=\"en_US\" \/>\n<meta property=\"og:type\" content=\"article\" \/>\n<meta property=\"og:title\" content=\"Custom solutions - Marearca\" \/>\n<meta property=\"og:description\" content=\"[vc_row gap=&#8221;35&#8243; css=&#8221;.vc_custom_1633238217411{margin-top: 40px !important;}&#8221; _et_uniqid=&#8221;et_custom_uniqid_new_61593cc558545&#8243;][vc_column width=&#8221;2\/3&#8243;][vc_column_text] Customize your order K\u00f5iki tooteid saab tellida erim\u00f5\u00f5dulisena. All our products are crafted by local carpenters, using high-quality...\" \/>\n<meta property=\"og:url\" content=\"https:\/\/www.marearca.com\/en\/home\/custom-solutions\/\" \/>\n<meta property=\"og:site_name\" content=\"Marearca\" \/>\n<meta property=\"article:publisher\" content=\"https:\/\/www.facebook.com\/marearca\/\" \/>\n<meta property=\"article:modified_time\" content=\"2021-10-03T05:24:22+00:00\" \/>\n<meta property=\"og:image\" content=\"https:\/\/www.marearca.com\/wp-content\/uploads\/2018\/04\/measuring-300x200.jpg\" \/>\n<meta name=\"twitter:card\" content=\"summary_large_image\" \/>\n<meta name=\"twitter:label1\" content=\"Est. reading time\" \/>\n\t<meta name=\"twitter:data1\" content=\"1 minute\" \/>\n<script type=\"application\/ld+json\" class=\"yoast-schema-graph\">{\"@context\":\"https:\\\/\\\/schema.org\",\"@graph\":[{\"@type\":\"WebPage\",\"@id\":\"https:\\\/\\\/www.marearca.com\\\/en\\\/home\\\/custom-solutions\\\/\",\"url\":\"https:\\\/\\\/www.marearca.com\\\/en\\\/home\\\/custom-solutions\\\/\",\"name\":\"Custom solutions - Marearca\",\"isPartOf\":{\"@id\":\"https:\\\/\\\/www.marearca.com\\\/en\\\/#website\"},\"primaryImageOfPage\":{\"@id\":\"https:\\\/\\\/www.marearca.com\\\/en\\\/home\\\/custom-solutions\\\/#primaryimage\"},\"image\":{\"@id\":\"https:\\\/\\\/www.marearca.com\\\/en\\\/home\\\/custom-solutions\\\/#primaryimage\"},\"thumbnailUrl\":\"https:\\\/\\\/www.marearca.com\\\/wp-content\\\/uploads\\\/2018\\\/04\\\/measuring-300x200.jpg\",\"datePublished\":\"2018-04-07T06:39:43+00:00\",\"dateModified\":\"2021-10-03T05:24:22+00:00\",\"breadcrumb\":{\"@id\":\"https:\\\/\\\/www.marearca.com\\\/en\\\/home\\\/custom-solutions\\\/#breadcrumb\"},\"inLanguage\":\"en-US\",\"potentialAction\":[{\"@type\":\"ReadAction\",\"target\":[\"https:\\\/\\\/www.marearca.com\\\/en\\\/home\\\/custom-solutions\\\/\"]}]},{\"@type\":\"ImageObject\",\"inLanguage\":\"en-US\",\"@id\":\"https:\\\/\\\/www.marearca.com\\\/en\\\/home\\\/custom-solutions\\\/#primaryimage\",\"url\":\"https:\\\/\\\/www.marearca.com\\\/wp-content\\\/uploads\\\/2018\\\/04\\\/measuring-300x200.jpg\",\"contentUrl\":\"https:\\\/\\\/www.marearca.com\\\/wp-content\\\/uploads\\\/2018\\\/04\\\/measuring-300x200.jpg\"},{\"@type\":\"BreadcrumbList\",\"@id\":\"https:\\\/\\\/www.marearca.com\\\/en\\\/home\\\/custom-solutions\\\/#breadcrumb\",\"itemListElement\":[{\"@type\":\"ListItem\",\"position\":1,\"name\":\"Home\",\"item\":\"https:\\\/\\\/www.marearca.com\\\/en\\\/\"},{\"@type\":\"ListItem\",\"position\":2,\"name\":\"Custom solutions\"}]},{\"@type\":\"WebSite\",\"@id\":\"https:\\\/\\\/www.marearca.com\\\/en\\\/#website\",\"url\":\"https:\\\/\\\/www.marearca.com\\\/en\\\/\",\"name\":\"Marearca\",\"description\":\"arendus 2020\",\"publisher\":{\"@id\":\"https:\\\/\\\/www.marearca.com\\\/en\\\/#organization\"},\"potentialAction\":[{\"@type\":\"SearchAction\",\"target\":{\"@type\":\"EntryPoint\",\"urlTemplate\":\"https:\\\/\\\/www.marearca.com\\\/en\\\/?s={search_term_string}\"},\"query-input\":{\"@type\":\"PropertyValueSpecification\",\"valueRequired\":true,\"valueName\":\"search_term_string\"}}],\"inLanguage\":\"en-US\"},{\"@type\":\"Organization\",\"@id\":\"https:\\\/\\\/www.marearca.com\\\/en\\\/#organization\",\"name\":\"Marearca\",\"url\":\"https:\\\/\\\/www.marearca.com\\\/en\\\/\",\"logo\":{\"@type\":\"ImageObject\",\"inLanguage\":\"en-US\",\"@id\":\"https:\\\/\\\/www.marearca.com\\\/en\\\/#\\\/schema\\\/logo\\\/image\\\/\",\"url\":\"https:\\\/\\\/www.marearca.com\\\/wp-content\\\/uploads\\\/2021\\\/09\\\/site-logo.png\",\"contentUrl\":\"https:\\\/\\\/www.marearca.com\\\/wp-content\\\/uploads\\\/2021\\\/09\\\/site-logo.png\",\"width\":380,\"height\":380,\"caption\":\"Marearca\"},\"image\":{\"@id\":\"https:\\\/\\\/www.marearca.com\\\/en\\\/#\\\/schema\\\/logo\\\/image\\\/\"},\"sameAs\":[\"https:\\\/\\\/www.facebook.com\\\/marearca\\\/\"]}]}<\/script>\n<!-- \/ Yoast SEO plugin. -->","yoast_head_json":{"title":"Custom solutions - Marearca","robots":{"index":"index","follow":"follow","max-snippet":"max-snippet:-1","max-image-preview":"max-image-preview:large","max-video-preview":"max-video-preview:-1"},"canonical":"https:\/\/www.marearca.com\/en\/home\/custom-solutions\/","og_locale":"en_US","og_type":"article","og_title":"Custom solutions - Marearca","og_description":"[vc_row gap=&#8221;35&#8243; css=&#8221;.vc_custom_1633238217411{margin-top: 40px !important;}&#8221; _et_uniqid=&#8221;et_custom_uniqid_new_61593cc558545&#8243;][vc_column width=&#8221;2\/3&#8243;][vc_column_text] Customize your order K\u00f5iki tooteid saab tellida erim\u00f5\u00f5dulisena. All our products are crafted by local carpenters, using high-quality...","og_url":"https:\/\/www.marearca.com\/en\/home\/custom-solutions\/","og_site_name":"Marearca","article_publisher":"https:\/\/www.facebook.com\/marearca\/","article_modified_time":"2021-10-03T05:24:22+00:00","og_image":[{"url":"https:\/\/www.marearca.com\/wp-content\/uploads\/2018\/04\/measuring-300x200.jpg","type":"","width":"","height":""}],"twitter_card":"summary_large_image","twitter_misc":{"Est. reading time":"1 minute"},"schema":{"@context":"https:\/\/schema.org","@graph":[{"@type":"WebPage","@id":"https:\/\/www.marearca.com\/en\/home\/custom-solutions\/","url":"https:\/\/www.marearca.com\/en\/home\/custom-solutions\/","name":"Custom solutions - Marearca","isPartOf":{"@id":"https:\/\/www.marearca.com\/en\/#website"},"primaryImageOfPage":{"@id":"https:\/\/www.marearca.com\/en\/home\/custom-solutions\/#primaryimage"},"image":{"@id":"https:\/\/www.marearca.com\/en\/home\/custom-solutions\/#primaryimage"},"thumbnailUrl":"https:\/\/www.marearca.com\/wp-content\/uploads\/2018\/04\/measuring-300x200.jpg","datePublished":"2018-04-07T06:39:43+00:00","dateModified":"2021-10-03T05:24:22+00:00","breadcrumb":{"@id":"https:\/\/www.marearca.com\/en\/home\/custom-solutions\/#breadcrumb"},"inLanguage":"en-US","potentialAction":[{"@type":"ReadAction","target":["https:\/\/www.marearca.com\/en\/home\/custom-solutions\/"]}]},{"@type":"ImageObject","inLanguage":"en-US","@id":"https:\/\/www.marearca.com\/en\/home\/custom-solutions\/#primaryimage","url":"https:\/\/www.marearca.com\/wp-content\/uploads\/2018\/04\/measuring-300x200.jpg","contentUrl":"https:\/\/www.marearca.com\/wp-content\/uploads\/2018\/04\/measuring-300x200.jpg"},{"@type":"BreadcrumbList","@id":"https:\/\/www.marearca.com\/en\/home\/custom-solutions\/#breadcrumb","itemListElement":[{"@type":"ListItem","position":1,"name":"Home","item":"https:\/\/www.marearca.com\/en\/"},{"@type":"ListItem","position":2,"name":"Custom solutions"}]},{"@type":"WebSite","@id":"https:\/\/www.marearca.com\/en\/#website","url":"https:\/\/www.marearca.com\/en\/","name":"Marearca","description":"arendus 2020","publisher":{"@id":"https:\/\/www.marearca.com\/en\/#organization"},"potentialAction":[{"@type":"SearchAction","target":{"@type":"EntryPoint","urlTemplate":"https:\/\/www.marearca.com\/en\/?s={search_term_string}"},"query-input":{"@type":"PropertyValueSpecification","valueRequired":true,"valueName":"search_term_string"}}],"inLanguage":"en-US"},{"@type":"Organization","@id":"https:\/\/www.marearca.com\/en\/#organization","name":"Marearca","url":"https:\/\/www.marearca.com\/en\/","logo":{"@type":"ImageObject","inLanguage":"en-US","@id":"https:\/\/www.marearca.com\/en\/#\/schema\/logo\/image\/","url":"https:\/\/www.marearca.com\/wp-content\/uploads\/2021\/09\/site-logo.png","contentUrl":"https:\/\/www.marearca.com\/wp-content\/uploads\/2021\/09\/site-logo.png","width":380,"height":380,"caption":"Marearca"},"image":{"@id":"https:\/\/www.marearca.com\/en\/#\/schema\/logo\/image\/"},"sameAs":["https:\/\/www.facebook.com\/marearca\/"]}]}},"_links":{"self":[{"href":"https:\/\/www.marearca.com\/en\/wp-json\/wp\/v2\/pages\/12037","targetHints":{"allow":["GET"]}}],"collection":[{"href":"https:\/\/www.marearca.com\/en\/wp-json\/wp\/v2\/pages"}],"about":[{"href":"https:\/\/www.marearca.com\/en\/wp-json\/wp\/v2\/types\/page"}],"author":[{"embeddable":true,"href":"https:\/\/www.marearca.com\/en\/wp-json\/wp\/v2\/users\/15"}],"replies":[{"embeddable":true,"href":"https:\/\/www.marearca.com\/en\/wp-json\/wp\/v2\/comments?post=12037"}],"version-history":[{"count":5,"href":"https:\/\/www.marearca.com\/en\/wp-json\/wp\/v2\/pages\/12037\/revisions"}],"predecessor-version":[{"id":12598,"href":"https:\/\/www.marearca.com\/en\/wp-json\/wp\/v2\/pages\/12037\/revisions\/12598"}],"up":[{"embeddable":true,"href":"https:\/\/www.marearca.com\/en\/wp-json\/wp\/v2\/pages\/12029"}],"wp:attachment":[{"href":"https:\/\/www.marearca.com\/en\/wp-json\/wp\/v2\/media?parent=12037"}],"curies":[{"name":"wp","href":"https:\/\/api.w.org\/{rel}","templated":true}]}}